{"id":207,"date":"2025-11-21T14:08:57","date_gmt":"2025-11-21T14:08:57","guid":{"rendered":"https:\/\/youththeatrehelsinki.com\/index.php\/services\/"},"modified":"2026-03-10T09:59:45","modified_gmt":"2026-03-10T09:59:45","slug":"spring-acting-classes-kids","status":"publish","type":"page","link":"https:\/\/youththeatrehelsinki.com\/fi\/spring-acting-classes-kids\/","title":{"rendered":"KEV\u00c4T 2026"},"content":{"rendered":"<div data-elementor-type=\"wp-page\" data-elementor-id=\"207\" class=\"elementor elementor-207\">\n\t\t\t\t\t\t<section class=\"elementor-section elementor-top-section elementor-element elementor-element-5vk2z1f elementor-section-boxed elementor-section-height-default elementor-section-height-default\" data-id=\"5vk2z1f\" data-element_type=\"section\" data-e-type=\"section\" data-settings=\"{&quot;background_background&quot;:&quot;classic&quot;}\">\n\t\t\t\t\t\t\t<div class=\"elementor-background-overlay\"><\/div>\n\t\t\t\t\t\t\t<div class=\"elementor-container elementor-column-gap-default\">\n\t\t\t\t\t<div class=\"elementor-column elementor-col-100 elementor-top-column elementor-element elementor-element-78af2ff\" data-id=\"78af2ff\" data-element_type=\"column\" data-e-type=\"column\">\n\t\t\t<div class=\"elementor-widget-wrap elementor-element-populated\">\n\t\t\t\t\t\t<div class=\"elementor-element elementor-element-58ba8f4 elementor-widget elementor-widget-heading\" data-id=\"58ba8f4\" data-element_type=\"widget\" data-e-type=\"widget\" data-widget_type=\"heading.default\">\n\t\t\t\t\t<h1 class=\"elementor-heading-title elementor-size-default\">KEV\u00c4T 2026<\/h1>\t\t\t\t<\/div>\n\t\t\t\t<div class=\"elementor-element elementor-element-42b00c1 elementor-widget elementor-widget-heading\" data-id=\"42b00c1\" data-element_type=\"widget\" data-e-type=\"widget\" data-widget_type=\"heading.default\">\n\t\t\t\t\t<h2 class=\"elementor-heading-title elementor-size-default\">Kev\u00e4\u00e4n Teatterikurssit Lapsille ja Nuorille<\/h2>\t\t\t\t<\/div>\n\t\t\t\t<div class=\"elementor-element elementor-element-97cc7d6 elementor-widget elementor-widget-text-editor\" data-id=\"97cc7d6\" data-element_type=\"widget\" data-e-type=\"widget\" data-widget_type=\"text-editor.default\">\n\t\t\t\t\t\t\t\t\t<p>Kev\u00e4\u00e4n teatterikurssimme lapsille ja nuorille Helsingiss\u00e4 j\u00e4rjestet\u00e4\u00e4n joka maanantai ja keskiviikko klo 17.15\u201319.15, tammikuusta toukokuuhun.<br \/>Valitse kerran tai kahdesti viikossa.<\/p><p><strong>Currently we&#8217;re not enrolling any new students, but during the Summer we organize weeklong acting workshops!<\/strong><\/p>\t\t\t\t\t\t\t\t<\/div>\n\t\t\t\t<div class=\"elementor-element elementor-element-c4c3581 elementor-align-center elementor-widget elementor-widget-button\" data-id=\"c4c3581\" data-element_type=\"widget\" data-e-type=\"widget\" data-widget_type=\"button.default\">\n\t\t\t\t\t\t\t\t\t\t<a class=\"elementor-button elementor-button-link elementor-size-sm\" href=\"https:\/\/youththeatrehelsinki.com\/fi\/youth-summer-acting-workshops\/\">\n\t\t\t\t\t\t<span class=\"elementor-button-content-wrapper\">\n\t\t\t\t\t\t\t\t\t<span class=\"elementor-button-text\">SUMMER ACTING WORKSHOPS 2026<\/span>\n\t\t\t\t\t<\/span>\n\t\t\t\t\t<\/a>\n\t\t\t\t\t\t\t\t<\/div>\n\t\t\t\t\t<\/div>\n\t\t<\/div>\n\t\t\t\t\t<\/div>\n\t\t<\/section>\n\t\t\t\t<section class=\"elementor-section elementor-top-section elementor-element elementor-element-dvbrpe6 elementor-section-content-middle elementor-section-boxed elementor-section-height-default elementor-section-height-default\" data-id=\"dvbrpe6\" data-element_type=\"section\" data-e-type=\"section\" data-settings=\"{&quot;background_background&quot;:&quot;classic&quot;}\">\n\t\t\t\t\t\t<div class=\"elementor-container elementor-column-gap-no\">\n\t\t\t\t\t<div class=\"elementor-column elementor-col-50 elementor-top-column elementor-element elementor-element-890654c\" data-id=\"890654c\" data-element_type=\"column\" data-e-type=\"column\">\n\t\t\t<div class=\"elementor-widget-wrap elementor-element-populated\">\n\t\t\t\t\t\t<div class=\"elementor-element elementor-element-866d39a elementor-widget elementor-widget-heading\" data-id=\"866d39a\" data-element_type=\"widget\" data-e-type=\"widget\" data-widget_type=\"heading.default\">\n\t\t\t\t\t<h2 class=\"elementor-heading-title elementor-size-default\">TEATTERIKURSSIT LAPSILLE JA NUORILLE KEV\u00c4T 2026<\/h2>\t\t\t\t<\/div>\n\t\t\t\t<div class=\"elementor-element elementor-element-282c1a4 elementor-widget elementor-widget-heading\" data-id=\"282c1a4\" data-element_type=\"widget\" data-e-type=\"widget\" data-widget_type=\"heading.default\">\n\t\t\t\t\t<h4 class=\"elementor-heading-title elementor-size-default\">KEV\u00c4\u00c4N 2026 ESITYS YOUTH THEATRE HELSINGISS\u00c4<\/h4>\t\t\t\t<\/div>\n\t\t\t\t<div class=\"elementor-element elementor-element-d8b4b0e elementor-widget__width-initial elementor-widget elementor-widget-text-editor\" data-id=\"d8b4b0e\" data-element_type=\"widget\" data-e-type=\"widget\" data-widget_type=\"text-editor.default\">\n\t\t\t\t\t\t\t\t\t<p>Kev\u00e4\u00e4ll\u00e4 2026 Youth Theatre Helsinki tarjoaa kev\u00e4\u00e4n teatterikursseja 10\u201317-vuotiaille lapsille ja nuorille, tammikuusta toukokuuhun.<\/p><p><strong>Teatterikurssit lapsille ja nuorille <\/strong><\/p><p><strong>10\u201317-vuotiaille<\/strong><\/p><p><strong> Tammikuu \u2013 Toukokuu 2026<\/strong><\/p><p data-start=\"323\" data-end=\"645\">Kev\u00e4\u00e4ll\u00e4 2026 Youth Theatre Helsinki alkaa kehitt\u00e4\u00e4 upouutta teatteriesityst\u00e4 yhdess\u00e4 nuorten esiintyjiens\u00e4 kanssa. Kev\u00e4\u00e4n aikana teatterikurssien osallistujat tutkivat fyysist\u00e4 teatteria, improvisaatiota, hahmonluomista ja yhteisty\u00f6t\u00e4, rakentaen kohti julkista esityst\u00e4 kauden lopussa.<\/p><p data-start=\"647\" data-end=\"865\">Tavoitteenamme on ohjata ryhm\u00e4 l\u00e4pi koko luovan prosessin \u2014 ensimm\u00e4isist\u00e4 ideoista lavalle asti. Esitys luodaan yhteisty\u00f6ss\u00e4, eli nuoret n\u00e4yttelij\u00e4t auttavat muokkaamaan tarinaa, hahmoja ja liikett\u00e4.<\/p><p style=\"font-size: 16px; font-style: normal; font-weight: 400;\"><span style=\"font-weight: bold;\">VIIKOITTAISET HARJOITUSTUNNIT 10\u201317-VUOTIAILLE <br \/>Tammikuu \u2013 Toukokuu 2026<\/span><\/p><h3 data-start=\"867\" data-end=\"914\"><span style=\"font-size: 16px; font-style: inherit; font-weight: inherit; color: #f5f5f5; font-family: 'RocknRoll One', sans-serif;\">Osallistujat voivat valita yhden tai molemmat viikoittaisista sessioista:<\/span><\/h3><ul data-start=\"969\" data-end=\"1025\"><li data-start=\"969\" data-end=\"996\"><p data-start=\"971\" data-end=\"996\"><strong data-start=\"971\" data-end=\"994\">Maanantaisin 17:15\u201319:15<\/strong><\/p><\/li><li data-start=\"997\" data-end=\"1025\"><p data-start=\"999\" data-end=\"1025\"><strong data-start=\"999\" data-end=\"1025\">Keskiviikkoisin 17:15\u201319:15<\/strong><\/p><\/li><\/ul><p data-start=\"1027\" data-end=\"1226\">Molemmat ryhm\u00e4t osallistuvat kev\u00e4\u00e4n esityksen luomiseen eri tavoin. Molemmille p\u00e4iville osallistuvat saavat yksinkertaisesti syvemm\u00e4n ja intensiivisemm\u00e4n kokemuksen \u2014 mutta se ei ole pakollista.<\/p><p data-start=\"1027\" data-end=\"1226\"><span style=\"font-weight: bold;\">MIT\u00c4 KEV\u00c4\u00c4N ESITYS TARJOAA<\/span><\/p><ul data-start=\"1267\" data-end=\"1583\"><li data-start=\"1267\" data-end=\"1326\"><p data-start=\"1269\" data-end=\"1326\">K\u00e4yt\u00e4nn\u00f6n kokemusta alkuper\u00e4isen esityksen luomisesta<\/p><\/li><li data-start=\"1327\" data-end=\"1393\"><p data-start=\"1329\" data-end=\"1393\">Ammattimaista ohjausta n\u00e4yttelemisess\u00e4, fyysisess\u00e4 teatterissa ja devising-ty\u00f6skentelyss\u00e4<\/p><\/li><li data-start=\"1394\" data-end=\"1435\"><p data-start=\"1396\" data-end=\"1435\">Kannustava ja luova ymp\u00e4rist\u00f6<\/p><\/li><li data-start=\"1436\" data-end=\"1495\"><p data-start=\"1438\" data-end=\"1495\">Itseluottamuksen, yhteisty\u00f6n ja ilmaisun kehitt\u00e4minen<\/p><\/li><li data-start=\"1496\" data-end=\"1583\"><p data-start=\"1498\" data-end=\"1583\">Loppuesitys perheelle ja yst\u00e4ville (muoto riippuen ryhm\u00e4n koosta ja resursseista)<\/p><\/li><\/ul><h3 data-start=\"1585\" data-end=\"1605\"><span style=\"font-size: 16px; font-style: inherit; color: #f5f5f5; font-family: 'RocknRoll One', sans-serif;\"><b>KENELLE SOPII<br \/><\/b><span style=\"font-weight: inherit;\">Kev\u00e4\u00e4n projekti on avoin 10\u201317-vuotiaille nuorille, jotka ovat uteliaita, motivoituneita ja valmiita tutkimaan teatteria leikin, liikkeen ja mielikuvituksen kautta. Aiempaa kokemusta ei tarvita \u2014 aloittelijat ja kokeneet n\u00e4yttelij\u00e4t ovat yht\u00e4 lailla tervetulleita.<\/span><\/span><span style=\"font-size: 16px; font-style: inherit; font-weight: inherit; color: #f5f5f5; font-family: 'RocknRoll One', sans-serif;\">\u00a0<\/span><\/h3><p><strong>Sijainti:<\/strong><br \/>Reprum, V\u00e4limerenkatu 14, J\u00e4tk\u00e4saari\u00a0<\/p><p class=\"translation-block\"><strong>Kieli<\/strong><br>Tunnit pidet\u00e4\u00e4n englanniksi suomen ja ruotsin kielen tuella.<\/p><p><strong>Aiempaa teatterikokemusta ei vaadita.<\/strong>\u00a0<\/p><p><strong>Liity yhdelle tai molemmille p\u00e4iville!<\/strong><br \/>Voit ilmoittautua joko maanantai- tai keskiviikkoryhm\u00e4\u00e4n \u2014 tai molempiin!<\/p>\t\t\t\t\t\t\t\t<\/div>\n\t\t\t\t<div class=\"elementor-element elementor-element-5832703 elementor-view-default elementor-position-block-start elementor-mobile-position-block-start elementor-widget elementor-widget-icon-box\" data-id=\"5832703\" data-element_type=\"widget\" data-e-type=\"widget\" data-widget_type=\"icon-box.default\">\n\t\t\t\t\t\t\t<div class=\"elementor-icon-box-wrapper\">\n\n\t\t\t\t\t\t<div class=\"elementor-icon-box-icon\">\n\t\t\t\t<a href=\"https:\/\/www.instagram.com\/youththeatrehelsinki\/\" target=\"_blank\" class=\"elementor-icon\" tabindex=\"-1\" rel=\"noopener\">\n\t\t\t\t<svg aria-hidden=\"true\" class=\"e-font-icon-svg e-fab-instagram\" viewbox=\"0 0 448 512\" xmlns=\"http:\/\/www.w3.org\/2000\/svg\"><path d=\"M224.1 141c-63.6 0-114.9 51.3-114.9 114.9s51.3 114.9 114.9 114.9S339 319.5 339 255.9 287.7 141 224.1 141zm0 189.6c-41.1 0-74.7-33.5-74.7-74.7s33.5-74.7 74.7-74.7 74.7 33.5 74.7 74.7-33.6 74.7-74.7 74.7zm146.4-194.3c0 14.9-12 26.8-26.8 26.8-14.9 0-26.8-12-26.8-26.8s12-26.8 26.8-26.8 26.8 12 26.8 26.8zm76.1 27.2c-1.7-35.9-9.9-67.7-36.2-93.9-26.2-26.2-58-34.4-93.9-36.2-37-2.1-147.9-2.1-184.9 0-35.8 1.7-67.6 9.9-93.9 36.1s-34.4 58-36.2 93.9c-2.1 37-2.1 147.9 0 184.9 1.7 35.9 9.9 67.7 36.2 93.9s58 34.4 93.9 36.2c37 2.1 147.9 2.1 184.9 0 35.9-1.7 67.7-9.9 93.9-36.2 26.2-26.2 34.4-58 36.2-93.9 2.1-37 2.1-147.8 0-184.8zM398.8 388c-7.8 19.6-22.9 34.7-42.6 42.6-29.5 11.7-99.5 9-132.1 9s-102.7 2.6-132.1-9c-19.6-7.8-34.7-22.9-42.6-42.6-11.7-29.5-9-99.5-9-132.1s-2.6-102.7 9-132.1c7.8-19.6 22.9-34.7 42.6-42.6 29.5-11.7 99.5-9 132.1-9s102.7-2.6 132.1 9c19.6 7.8 34.7 22.9 42.6 42.6 11.7 29.5 9 99.5 9 132.1s2.7 102.7-9 132.1z\"><\/path><\/svg>\t\t\t\t<\/a>\n\t\t\t<\/div>\n\t\t\t\n\t\t\t\t\t\t<div class=\"elementor-icon-box-content\">\n\n\t\t\t\t\n\t\t\t\t\t\t\t\t\t<p class=\"elementor-icon-box-description\">\n\t\t\t\t\t\t<b>Seuraa meit\u00e4 Instagramissa<\/b>\t\t\t\t\t<\/p>\n\t\t\t\t\n\t\t\t<\/div>\n\t\t\t\n\t\t<\/div>\n\t\t\t\t\t\t<\/div>\n\t\t\t\t\t<\/div>\n\t\t<\/div>\n\t\t\t\t<div class=\"elementor-column elementor-col-50 elementor-top-column elementor-element elementor-element-0d59d6d\" data-id=\"0d59d6d\" data-element_type=\"column\" data-e-type=\"column\">\n\t\t\t<div class=\"elementor-widget-wrap elementor-element-populated\">\n\t\t\t\t\t\t<div class=\"elementor-element elementor-element-653789c elementor-widget elementor-widget-image\" data-id=\"653789c\" data-element_type=\"widget\" data-e-type=\"widget\" data-widget_type=\"image.default\">\n\t\t\t\t\t\t\t\t\t\t\t\t\t\t\t<img fetchpriority=\"high\" decoding=\"async\" width=\"1070\" height=\"1220\" src=\"https:\/\/youththeatrehelsinki.com\/wp-content\/uploads\/2025\/11\/IMG_20251124_005452-scaled-e1772549419116.webp\" class=\"attachment-full size-full wp-image-373\" alt=\"Workshops and acting classes in Helsinki for kids and teens lapset teatterikurssi Helsinki\" srcset=\"https:\/\/youththeatrehelsinki.com\/wp-content\/uploads\/2025\/11\/IMG_20251124_005452-scaled-e1772549419116.webp 1070w, https:\/\/youththeatrehelsinki.com\/wp-content\/uploads\/2025\/11\/IMG_20251124_005452-scaled-e1772549419116-263x300.webp 263w, https:\/\/youththeatrehelsinki.com\/wp-content\/uploads\/2025\/11\/IMG_20251124_005452-scaled-e1772549419116-898x1024.webp 898w, https:\/\/youththeatrehelsinki.com\/wp-content\/uploads\/2025\/11\/IMG_20251124_005452-scaled-e1772549419116-768x876.webp 768w\" sizes=\"(max-width: 1070px) 100vw, 1070px\" \/>\t\t\t\t\t\t\t\t\t\t\t\t\t\t\t<\/div>\n\t\t\t\t\t<\/div>\n\t\t<\/div>\n\t\t\t\t\t<\/div>\n\t\t<\/section>\n\t\t\t\t<\/div>","protected":false},"excerpt":{"rendered":"<p>SPRING 2026 Spring Acting Classes For Kids And Teens Our Spring acting classes for kids and teens in Helsinki run [&hellip;]<\/p>\n","protected":false},"author":1,"featured_media":0,"parent":0,"menu_order":0,"comment_status":"closed","ping_status":"closed","template":"","meta":{"_uag_custom_page_level_css":"","site-sidebar-layout":"default","site-content-layout":"","ast-site-content-layout":"default","site-content-style":"default","site-sidebar-style":"default","ast-global-header-display":"","ast-banner-title-visibility":"","ast-main-header-display":"","ast-hfb-above-header-display":"","ast-hfb-below-header-display":"","ast-hfb-mobile-header-display":"","site-post-title":"","ast-breadcrumbs-content":"","ast-featured-img":"","footer-sml-layout":"","ast-disable-related-posts":"","theme-transparent-header-meta":"enabled","adv-header-id-meta":"","stick-header-meta":"","header-above-stick-meta":"","header-main-stick-meta":"","header-below-stick-meta":"","astra-migrate-meta-layouts":"default","ast-page-background-enabled":"default","ast-page-background-meta":{"desktop":{"background-color":"var(--ast-global-color-4)","background-image":"","background-repeat":"repeat","background-position":"center center","background-size":"auto","background-attachment":"scroll","background-type":"","background-media":"","overlay-type":"","overlay-color":"","overlay-opacity":"","overlay-gradient":""},"tablet":{"background-color":"","background-image":"","background-repeat":"repeat","background-position":"center center","background-size":"auto","background-attachment":"scroll","background-type":"","background-media":"","overlay-type":"","overlay-color":"","overlay-opacity":"","overlay-gradient":""},"mobile":{"background-color":"","background-image":"","background-repeat":"repeat","background-position":"center center","background-size":"auto","background-attachment":"scroll","background-type":"","background-media":"","overlay-type":"","overlay-color":"","overlay-opacity":"","overlay-gradient":""}},"ast-content-background-meta":{"desktop":{"background-color":"var(--ast-global-color-5)","background-image":"","background-repeat":"repeat","background-position":"center center","background-size":"auto","background-attachment":"scroll","background-type":"","background-media":"","overlay-type":"","overlay-color":"","overlay-opacity":"","overlay-gradient":""},"tablet":{"background-color":"var(--ast-global-color-5)","background-image":"","background-repeat":"repeat","background-position":"center center","background-size":"auto","background-attachment":"scroll","background-type":"","background-media":"","overlay-type":"","overlay-color":"","overlay-opacity":"","overlay-gradient":""},"mobile":{"background-color":"var(--ast-global-color-5)","background-image":"","background-repeat":"repeat","background-position":"center center","background-size":"auto","background-attachment":"scroll","background-type":"","background-media":"","overlay-type":"","overlay-color":"","overlay-opacity":"","overlay-gradient":""}},"footnotes":""},"class_list":["post-207","page","type-page","status-publish","hentry"],"uagb_featured_image_src":{"full":false,"thumbnail":false,"medium":false,"medium_large":false,"large":false,"1536x1536":false,"2048x2048":false,"trp-custom-language-flag":false},"uagb_author_info":{"display_name":"admin","author_link":"https:\/\/youththeatrehelsinki.com\/fi\/author\/admin\/"},"uagb_comment_info":0,"uagb_excerpt":"SPRING 2026 Spring Acting Classes For Kids And Teens Our Spring acting classes for kids and teens in Helsinki run [&hellip;]","_links":{"self":[{"href":"https:\/\/youththeatrehelsinki.com\/fi\/wp-json\/wp\/v2\/pages\/207","targetHints":{"allow":["GET"]}}],"collection":[{"href":"https:\/\/youththeatrehelsinki.com\/fi\/wp-json\/wp\/v2\/pages"}],"about":[{"href":"https:\/\/youththeatrehelsinki.com\/fi\/wp-json\/wp\/v2\/types\/page"}],"author":[{"embeddable":true,"href":"https:\/\/youththeatrehelsinki.com\/fi\/wp-json\/wp\/v2\/users\/1"}],"replies":[{"embeddable":true,"href":"https:\/\/youththeatrehelsinki.com\/fi\/wp-json\/wp\/v2\/comments?post=207"}],"version-history":[{"count":63,"href":"https:\/\/youththeatrehelsinki.com\/fi\/wp-json\/wp\/v2\/pages\/207\/revisions"}],"predecessor-version":[{"id":978,"href":"https:\/\/youththeatrehelsinki.com\/fi\/wp-json\/wp\/v2\/pages\/207\/revisions\/978"}],"wp:attachment":[{"href":"https:\/\/youththeatrehelsinki.com\/fi\/wp-json\/wp\/v2\/media?parent=207"}],"curies":[{"name":"wp","href":"https:\/\/api.w.org\/{rel}","templated":true}]}}