{"id":209,"date":"2025-11-21T14:08:57","date_gmt":"2025-11-21T14:08:57","guid":{"rendered":"https:\/\/youththeatrehelsinki.com\/index.php\/contact\/"},"modified":"2026-03-06T12:17:49","modified_gmt":"2026-03-06T12:17:49","slug":"contact-youth-theatre-helsinki","status":"publish","type":"page","link":"https:\/\/youththeatrehelsinki.com\/fi\/contact-youth-theatre-helsinki\/","title":{"rendered":"YHTEYSTIEDOT"},"content":{"rendered":"\t\t<div data-elementor-type=\"wp-page\" data-elementor-id=\"209\" class=\"elementor elementor-209\">\n\t\t\t\t<div class=\"elementor-element elementor-element-162041a9 e-con-full e-flex e-con e-parent\" data-id=\"162041a9\" data-element_type=\"container\" data-e-type=\"container\">\n\t\t<div class=\"elementor-element elementor-element-40f377d7 e-con-full e-flex e-con e-child\" data-id=\"40f377d7\" data-element_type=\"container\" data-e-type=\"container\">\n\t\t\t\t<div class=\"elementor-element elementor-element-76bae3fb elementor-widget elementor-widget-heading\" data-id=\"76bae3fb\" data-element_type=\"widget\" data-e-type=\"widget\" data-widget_type=\"heading.default\">\n\t\t\t\t\t<h1 class=\"elementor-heading-title elementor-size-default\">Get In Touch<\/h1>\t\t\t\t<\/div>\n\t\t\t\t<div class=\"elementor-element elementor-element-63a2cad7 elementor-widget elementor-widget-text-editor\" data-id=\"63a2cad7\" data-element_type=\"widget\" data-e-type=\"widget\" data-widget_type=\"text-editor.default\">\n\t\t\t\t\t\t\t\t\t<p class=\"font-claude-response-body break-words whitespace-normal leading-[1.7]\"><strong><em>You are always welcome to contact Youth Theatre Helsinki directly. We would love to hear from you!<\/em><\/strong><\/p><p class=\"font-claude-response-body break-words whitespace-normal leading-[1.7]\"><em>Whether you have<strong> questions about your child joining<\/strong> our acting classes and workshops in Helsinki, or you would like to <strong>book us for a drama workshop at your school or institution<\/strong> \u2014 we are always happy to help. Simply <strong>reach out using the details below.<\/strong><\/em><\/p>\t\t\t\t\t\t\t\t<\/div>\n\t\t\t\t<\/div>\n\t\t<div class=\"elementor-element elementor-element-746e822a e-con-full e-flex e-con e-child\" data-id=\"746e822a\" data-element_type=\"container\" data-e-type=\"container\">\n\t\t\t\t<div class=\"elementor-element elementor-element-3959b25f elementor-widget elementor-widget-image\" data-id=\"3959b25f\" data-element_type=\"widget\" data-e-type=\"widget\" data-widget_type=\"image.default\">\n\t\t\t\t\t\t\t\t\t\t\t\t\t\t\t<img fetchpriority=\"high\" decoding=\"async\" width=\"300\" height=\"276\" src=\"https:\/\/youththeatrehelsinki.com\/wp-content\/uploads\/2025\/11\/pexels-photo-8717390-8717390-scaled-e1763936711353-300x276.webp\" class=\"attachment-medium size-medium wp-image-352\" alt=\"Contact Youth Theatre Helsinki Ota Yhteytt\u00e4\" srcset=\"https:\/\/youththeatrehelsinki.com\/wp-content\/uploads\/2025\/11\/pexels-photo-8717390-8717390-scaled-e1763936711353-300x276.webp 300w, https:\/\/youththeatrehelsinki.com\/wp-content\/uploads\/2025\/11\/pexels-photo-8717390-8717390-scaled-e1763936711353-1024x942.webp 1024w, https:\/\/youththeatrehelsinki.com\/wp-content\/uploads\/2025\/11\/pexels-photo-8717390-8717390-scaled-e1763936711353-768x706.webp 768w, https:\/\/youththeatrehelsinki.com\/wp-content\/uploads\/2025\/11\/pexels-photo-8717390-8717390-scaled-e1763936711353-1536x1413.webp 1536w, https:\/\/youththeatrehelsinki.com\/wp-content\/uploads\/2025\/11\/pexels-photo-8717390-8717390-scaled-e1763936711353.webp 1707w\" sizes=\"(max-width: 300px) 100vw, 300px\" \/>\t\t\t\t\t\t\t\t\t\t\t\t\t\t\t<\/div>\n\t\t\t\t<\/div>\n\t\t\t\t<\/div>\n\t\t<div class=\"elementor-element elementor-element-1834b57f e-con-full e-flex e-con e-parent\" data-id=\"1834b57f\" data-element_type=\"container\" data-e-type=\"container\" data-settings=\"{&quot;background_background&quot;:&quot;classic&quot;}\">\n\t\t<div class=\"elementor-element elementor-element-452a91af e-con-full e-flex e-con e-child\" data-id=\"452a91af\" data-element_type=\"container\" data-e-type=\"container\">\n\t\t\t\t<div class=\"elementor-element elementor-element-20603539 elementor-widget elementor-widget-image\" data-id=\"20603539\" data-element_type=\"widget\" data-e-type=\"widget\" data-widget_type=\"image.default\">\n\t\t\t\t\t\t\t\t\t\t\t\t\t\t\t<img decoding=\"async\" width=\"1008\" height=\"1024\" data-src=\"https:\/\/youththeatrehelsinki.com\/wp-content\/uploads\/2025\/11\/IMG20251108102147-scaled-e1763936603121-1008x1024.webp\" class=\"attachment-large size-large wp-image-351 lazyload\" alt=\"Daniel McMullen at RepRum Youth Theatre Helsinki acting studio\" data-srcset=\"https:\/\/youththeatrehelsinki.com\/wp-content\/uploads\/2025\/11\/IMG20251108102147-scaled-e1763936603121-1008x1024.webp 1008w, https:\/\/youththeatrehelsinki.com\/wp-content\/uploads\/2025\/11\/IMG20251108102147-scaled-e1763936603121-295x300.webp 295w, https:\/\/youththeatrehelsinki.com\/wp-content\/uploads\/2025\/11\/IMG20251108102147-scaled-e1763936603121-768x780.webp 768w, https:\/\/youththeatrehelsinki.com\/wp-content\/uploads\/2025\/11\/IMG20251108102147-scaled-e1763936603121-1512x1536.webp 1512w, https:\/\/youththeatrehelsinki.com\/wp-content\/uploads\/2025\/11\/IMG20251108102147-scaled-e1763936603121.webp 1890w\" data-sizes=\"(max-width: 1008px) 100vw, 1008px\" src=\"data:image\/svg+xml;base64,PHN2ZyB3aWR0aD0iMSIgaGVpZ2h0PSIxIiB4bWxucz0iaHR0cDovL3d3dy53My5vcmcvMjAwMC9zdmciPjwvc3ZnPg==\" style=\"--smush-placeholder-width: 1008px; --smush-placeholder-aspect-ratio: 1008\/1024;\" \/>\t\t\t\t\t\t\t\t\t\t\t\t\t\t\t<\/div>\n\t\t\t\t<\/div>\n\t\t<div class=\"elementor-element elementor-element-5fef17f2 e-con-full e-flex e-con e-child\" data-id=\"5fef17f2\" data-element_type=\"container\" data-e-type=\"container\">\n\t\t\t\t<div class=\"elementor-element elementor-element-47cb6b9a elementor-align-start elementor-icon-list--layout-traditional elementor-list-item-link-full_width elementor-widget elementor-widget-icon-list\" data-id=\"47cb6b9a\" data-element_type=\"widget\" data-e-type=\"widget\" data-widget_type=\"icon-list.default\">\n\t\t\t\t\t\t\t<ul class=\"elementor-icon-list-items\">\n\t\t\t\t\t\t\t<li class=\"elementor-icon-list-item\">\n\t\t\t\t\t\t\t\t\t\t<span class=\"elementor-icon-list-text\"><b>Phone:<\/b> +358 400 682 596<\/span>\n\t\t\t\t\t\t\t\t\t<\/li>\n\t\t\t\t\t\t\t\t<li class=\"elementor-icon-list-item\">\n\t\t\t\t\t\t\t\t\t\t<span class=\"elementor-icon-list-text\"><b>Email:<\/b> youththeatrehelsinki@gmail.com<\/span>\n\t\t\t\t\t\t\t\t\t<\/li>\n\t\t\t\t\t\t\t\t<li class=\"elementor-icon-list-item\">\n\t\t\t\t\t\t\t\t\t\t<span class=\"elementor-icon-list-text\"><b>Address:<\/b> V\u00e4limerenkatu 14, J\u00e4tk\u00e4saari<\/span>\n\t\t\t\t\t\t\t\t\t<\/li>\n\t\t\t\t\t\t<\/ul>\n\t\t\t\t\t\t<\/div>\n\t\t\t\t<\/div>\n\t\t\t\t<\/div>\n\t\t\t\t<section class=\"elementor-section elementor-top-section elementor-element elementor-element-iuzne3m elementor-section-content-middle elementor-section-boxed elementor-section-height-default elementor-section-height-default\" data-id=\"iuzne3m\" data-element_type=\"section\" data-e-type=\"section\" data-settings=\"{&quot;background_background&quot;:&quot;classic&quot;}\">\n\t\t\t\t\t\t<div class=\"elementor-container elementor-column-gap-no\">\n\t\t\t\t\t<div class=\"elementor-column elementor-col-66 elementor-top-column elementor-element elementor-element-1ee037f\" data-id=\"1ee037f\" data-element_type=\"column\" data-e-type=\"column\">\n\t\t\t<div class=\"elementor-widget-wrap elementor-element-populated\">\n\t\t\t\t\t\t<div class=\"elementor-element elementor-element-ecb3144 elementor-widget-divider--view-line elementor-widget elementor-widget-divider\" data-id=\"ecb3144\" data-element_type=\"widget\" data-e-type=\"widget\" data-widget_type=\"divider.default\">\n\t\t\t\t\t\t\t<div class=\"elementor-divider\">\n\t\t\t<span class=\"elementor-divider-separator\">\n\t\t\t\t\t\t<\/span>\n\t\t<\/div>\n\t\t\t\t\t\t<\/div>\n\t\t\t\t<div class=\"elementor-element elementor-element-85b2e2e elementor-widget elementor-widget-heading\" data-id=\"85b2e2e\" data-element_type=\"widget\" data-e-type=\"widget\" data-widget_type=\"heading.default\">\n\t\t\t\t\t<h2 class=\"elementor-heading-title elementor-size-default\">Want to Book us for a workshop?<\/h2>\t\t\t\t<\/div>\n\t\t\t\t<div class=\"elementor-element elementor-element-b5b92fb elementor-widget elementor-widget-text-editor\" data-id=\"b5b92fb\" data-element_type=\"widget\" data-e-type=\"widget\" data-widget_type=\"text-editor.default\">\n\t\t\t\t\t\t\t\t\t<p>Are you a <strong>teacher, school or youth organisation looking for an engaging English-language theatre experience?<\/strong> Youth Theatre Helsinki offers theatre <strong>workshops for schools and groups in Helsinki,<\/strong> combining acting, improvisation and creative collaboration.<\/p><p>Our workshops are led by professional theatre artists and can be tailored to your group&#8217;s needs. Find out more about <strong>booking a theatre workshop for your school<\/strong>.<\/p>\t\t\t\t\t\t\t\t<\/div>\n\t\t\t\t\t<\/div>\n\t\t<\/div>\n\t\t\t\t<div class=\"elementor-column elementor-col-33 elementor-top-column elementor-element elementor-element-4ed5faf\" data-id=\"4ed5faf\" data-element_type=\"column\" data-e-type=\"column\">\n\t\t\t<div class=\"elementor-widget-wrap elementor-element-populated\">\n\t\t\t\t\t\t<div class=\"elementor-element elementor-element-1d666dc elementor-align-center elementor-tablet-align-center elementor-widget elementor-widget-button\" data-id=\"1d666dc\" data-element_type=\"widget\" data-e-type=\"widget\" data-widget_type=\"button.default\">\n\t\t\t\t\t\t\t\t\t\t<a class=\"elementor-button elementor-button-link elementor-size-sm\" href=\"https:\/\/youththeatrehelsinki.com\/book-acting-workshops-helsinki\/\">\n\t\t\t\t\t\t<span class=\"elementor-button-content-wrapper\">\n\t\t\t\t\t\t\t\t\t<span class=\"elementor-button-text\">Book us for a workshop<\/span>\n\t\t\t\t\t<\/span>\n\t\t\t\t\t<\/a>\n\t\t\t\t\t\t\t\t<\/div>\n\t\t\t\t\t<\/div>\n\t\t<\/div>\n\t\t\t\t\t<\/div>\n\t\t<\/section>\n\t\t<div class=\"elementor-element elementor-element-57855b9 e-con-full e-flex e-con e-parent\" data-id=\"57855b9\" data-element_type=\"container\" data-e-type=\"container\">\n\t\t<div class=\"elementor-element elementor-element-65b096e8 e-con-full e-flex e-con e-child\" data-id=\"65b096e8\" data-element_type=\"container\" data-e-type=\"container\" data-settings=\"{&quot;background_background&quot;:&quot;classic&quot;}\">\n\t\t\t\t<div class=\"elementor-element elementor-element-5326e6e elementor-widget elementor-widget-image\" data-id=\"5326e6e\" data-element_type=\"widget\" data-e-type=\"widget\" data-widget_type=\"image.default\">\n\t\t\t\t\t\t\t\t\t\t\t\t\t\t\t<img decoding=\"async\" width=\"768\" height=\"729\" data-src=\"https:\/\/youththeatrehelsinki.com\/wp-content\/uploads\/2026\/03\/Skaermbillede-2026-03-02-kl.-14.02.56-768x729.webp\" class=\"attachment-medium_large size-medium_large wp-image-582 lazyload\" alt=\"youth theatre helsinki location\" data-srcset=\"https:\/\/youththeatrehelsinki.com\/wp-content\/uploads\/2026\/03\/Skaermbillede-2026-03-02-kl.-14.02.56-768x729.webp 768w, https:\/\/youththeatrehelsinki.com\/wp-content\/uploads\/2026\/03\/Skaermbillede-2026-03-02-kl.-14.02.56-300x285.webp 300w, https:\/\/youththeatrehelsinki.com\/wp-content\/uploads\/2026\/03\/Skaermbillede-2026-03-02-kl.-14.02.56-1024x972.webp 1024w, https:\/\/youththeatrehelsinki.com\/wp-content\/uploads\/2026\/03\/Skaermbillede-2026-03-02-kl.-14.02.56-e1772454035396.webp 600w\" data-sizes=\"(max-width: 768px) 100vw, 768px\" src=\"data:image\/svg+xml;base64,PHN2ZyB3aWR0aD0iMSIgaGVpZ2h0PSIxIiB4bWxucz0iaHR0cDovL3d3dy53My5vcmcvMjAwMC9zdmciPjwvc3ZnPg==\" style=\"--smush-placeholder-width: 768px; --smush-placeholder-aspect-ratio: 768\/729;\" \/>\t\t\t\t\t\t\t\t\t\t\t\t\t\t\t<\/div>\n\t\t\t\t<div class=\"elementor-element elementor-element-c4cd0bc elementor-widget elementor-widget-button\" data-id=\"c4cd0bc\" data-element_type=\"widget\" data-e-type=\"widget\" data-widget_type=\"button.default\">\n\t\t\t\t\t\t\t\t\t\t<a class=\"elementor-button elementor-button-link elementor-size-sm\" href=\"https:\/\/maps.app.goo.gl\/hX1ELCUqYF9Ei3mG8\" target=\"_blank\" rel=\"noopener\">\n\t\t\t\t\t\t<span class=\"elementor-button-content-wrapper\">\n\t\t\t\t\t\t\t\t\t<span class=\"elementor-button-text\">SHOW ON GOOGLE MAPS<\/span>\n\t\t\t\t\t<\/span>\n\t\t\t\t\t<\/a>\n\t\t\t\t\t\t\t\t<\/div>\n\t\t\t\t<\/div>\n\t\t<div class=\"elementor-element elementor-element-63febd3c e-con-full e-flex e-con e-child\" data-id=\"63febd3c\" data-element_type=\"container\" data-e-type=\"container\">\n\t\t\t\t<div class=\"elementor-element elementor-element-2dc966e4 elementor-widget elementor-widget-heading\" data-id=\"2dc966e4\" data-element_type=\"widget\" data-e-type=\"widget\" data-widget_type=\"heading.default\">\n\t\t\t\t\t<h3 class=\"elementor-heading-title elementor-size-default\">Follow Youth Theatre Helsinki On Social Media<\/h3>\t\t\t\t<\/div>\n\t\t\t\t<div class=\"elementor-element elementor-element-6762e12c elementor-position-inline-start elementor-view-default elementor-mobile-position-block-start elementor-widget elementor-widget-icon-box\" data-id=\"6762e12c\" data-element_type=\"widget\" data-e-type=\"widget\" data-widget_type=\"icon-box.default\">\n\t\t\t\t\t\t\t<div class=\"elementor-icon-box-wrapper\">\n\n\t\t\t\t\t\t<div class=\"elementor-icon-box-icon\">\n\t\t\t\t<a href=\"https:\/\/www.instagram.com\/youththeatrehelsinki\/\" class=\"elementor-icon\" tabindex=\"-1\" target=\"_blank\" rel=\"noopener\">\n\t\t\t\t<svg aria-hidden=\"true\" class=\"e-font-icon-svg e-fab-instagram\" viewBox=\"0 0 448 512\" xmlns=\"http:\/\/www.w3.org\/2000\/svg\"><path d=\"M224.1 141c-63.6 0-114.9 51.3-114.9 114.9s51.3 114.9 114.9 114.9S339 319.5 339 255.9 287.7 141 224.1 141zm0 189.6c-41.1 0-74.7-33.5-74.7-74.7s33.5-74.7 74.7-74.7 74.7 33.5 74.7 74.7-33.6 74.7-74.7 74.7zm146.4-194.3c0 14.9-12 26.8-26.8 26.8-14.9 0-26.8-12-26.8-26.8s12-26.8 26.8-26.8 26.8 12 26.8 26.8zm76.1 27.2c-1.7-35.9-9.9-67.7-36.2-93.9-26.2-26.2-58-34.4-93.9-36.2-37-2.1-147.9-2.1-184.9 0-35.8 1.7-67.6 9.9-93.9 36.1s-34.4 58-36.2 93.9c-2.1 37-2.1 147.9 0 184.9 1.7 35.9 9.9 67.7 36.2 93.9s58 34.4 93.9 36.2c37 2.1 147.9 2.1 184.9 0 35.9-1.7 67.7-9.9 93.9-36.2 26.2-26.2 34.4-58 36.2-93.9 2.1-37 2.1-147.8 0-184.8zM398.8 388c-7.8 19.6-22.9 34.7-42.6 42.6-29.5 11.7-99.5 9-132.1 9s-102.7 2.6-132.1-9c-19.6-7.8-34.7-22.9-42.6-42.6-11.7-29.5-9-99.5-9-132.1s-2.6-102.7 9-132.1c7.8-19.6 22.9-34.7 42.6-42.6 29.5-11.7 99.5-9 132.1-9s102.7-2.6 132.1 9c19.6 7.8 34.7 22.9 42.6 42.6 11.7 29.5 9 99.5 9 132.1s2.7 102.7-9 132.1z\"><\/path><\/svg>\t\t\t\t<\/a>\n\t\t\t<\/div>\n\t\t\t\n\t\t\t\t\t\t<div class=\"elementor-icon-box-content\">\n\n\t\t\t\t\n\t\t\t\t\t\t\t\t\t<p class=\"elementor-icon-box-description\">\n\t\t\t\t\t\tFollow us on instagram\t\t\t\t\t<\/p>\n\t\t\t\t\n\t\t\t<\/div>\n\t\t\t\n\t\t<\/div>\n\t\t\t\t\t\t<\/div>\n\t\t\t\t<div class=\"elementor-element elementor-element-35a22a3 elementor-position-inline-start elementor-view-default elementor-mobile-position-block-start elementor-widget elementor-widget-icon-box\" data-id=\"35a22a3\" data-element_type=\"widget\" data-e-type=\"widget\" data-widget_type=\"icon-box.default\">\n\t\t\t\t\t\t\t<div class=\"elementor-icon-box-wrapper\">\n\n\t\t\t\t\t\t<div class=\"elementor-icon-box-icon\">\n\t\t\t\t<a href=\"https:\/\/www.facebook.com\/p\/Youth-Theatre-Helsinki-61577301058170\/\" class=\"elementor-icon\" tabindex=\"-1\" target=\"_blank\" rel=\"noopener\">\n\t\t\t\t<svg aria-hidden=\"true\" class=\"e-font-icon-svg e-fab-facebook-f\" viewBox=\"0 0 320 512\" xmlns=\"http:\/\/www.w3.org\/2000\/svg\"><path d=\"M279.14 288l14.22-92.66h-88.91v-60.13c0-25.35 12.42-50.06 52.24-50.06h40.42V6.26S260.43 0 225.36 0c-73.22 0-121.08 44.38-121.08 124.72v70.62H22.89V288h81.39v224h100.17V288z\"><\/path><\/svg>\t\t\t\t<\/a>\n\t\t\t<\/div>\n\t\t\t\n\t\t\t\t\t\t<div class=\"elementor-icon-box-content\">\n\n\t\t\t\t\n\t\t\t\t\t\t\t\t\t<p class=\"elementor-icon-box-description\">\n\t\t\t\t\t\tFollow us on Facebook\t\t\t\t\t<\/p>\n\t\t\t\t\n\t\t\t<\/div>\n\t\t\t\n\t\t<\/div>\n\t\t\t\t\t\t<\/div>\n\t\t\t\t<\/div>\n\t\t\t\t<\/div>\n\t\t<div class=\"elementor-element elementor-element-43b5ba42 e-con-full e-flex e-con e-parent\" data-id=\"43b5ba42\" data-element_type=\"container\" data-e-type=\"container\" data-settings=\"{&quot;background_background&quot;:&quot;classic&quot;}\">\n\t\t\t\t<div class=\"elementor-element elementor-element-265b10aa elementor-widget elementor-widget-heading\" data-id=\"265b10aa\" data-element_type=\"widget\" data-e-type=\"widget\" data-widget_type=\"heading.default\">\n\t\t\t\t\t<p class=\"elementor-heading-title elementor-size-default\">\u00a9 All Rights Reserved.<\/p>\t\t\t\t<\/div>\n\t\t\t\t<\/div>\n\t\t<div class=\"elementor-element elementor-element-bb9d0cd e-flex e-con-boxed e-con e-parent\" data-id=\"bb9d0cd\" data-element_type=\"container\" data-e-type=\"container\">\n\t\t\t\t\t<div class=\"e-con-inner\">\n\t\t\t\t\t<\/div>\n\t\t\t\t<\/div>\n\t\t\t\t<\/div>\n\t\t","protected":false},"excerpt":{"rendered":"<p>Get In Touch You are always welcome to contact Youth Theatre Helsinki directly. We would love to hear from you! [&hellip;]<\/p>\n","protected":false},"author":1,"featured_media":0,"parent":0,"menu_order":0,"comment_status":"closed","ping_status":"closed","template":"","meta":{"_uag_custom_page_level_css":"","site-sidebar-layout":"default","site-content-layout":"","ast-site-content-layout":"default","site-content-style":"default","site-sidebar-style":"default","ast-global-header-display":"","ast-banner-title-visibility":"","ast-main-header-display":"","ast-hfb-above-header-display":"","ast-hfb-below-header-display":"","ast-hfb-mobile-header-display":"","site-post-title":"","ast-breadcrumbs-content":"","ast-featured-img":"","footer-sml-layout":"","ast-disable-related-posts":"","theme-transparent-header-meta":"enabled","adv-header-id-meta":"","stick-header-meta":"","header-above-stick-meta":"","header-main-stick-meta":"","header-below-stick-meta":"","astra-migrate-meta-layouts":"default","ast-page-background-enabled":"default","ast-page-background-meta":{"desktop":{"background-color":"var(--ast-global-color-4)","background-image":"","background-repeat":"repeat","background-position":"center center","background-size":"auto","background-attachment":"scroll","background-type":"","background-media":"","overlay-type":"","overlay-color":"","overlay-opacity":"","overlay-gradient":""},"tablet":{"background-color":"","background-image":"","background-repeat":"repeat","background-position":"center center","background-size":"auto","background-attachment":"scroll","background-type":"","background-media":"","overlay-type":"","overlay-color":"","overlay-opacity":"","overlay-gradient":""},"mobile":{"background-color":"","background-image":"","background-repeat":"repeat","background-position":"center center","background-size":"auto","background-attachment":"scroll","background-type":"","background-media":"","overlay-type":"","overlay-color":"","overlay-opacity":"","overlay-gradient":""}},"ast-content-background-meta":{"desktop":{"background-color":"var(--ast-global-color-5)","background-image":"","background-repeat":"repeat","background-position":"center center","background-size":"auto","background-attachment":"scroll","background-type":"","background-media":"","overlay-type":"","overlay-color":"","overlay-opacity":"","overlay-gradient":""},"tablet":{"background-color":"var(--ast-global-color-5)","background-image":"","background-repeat":"repeat","background-position":"center center","background-size":"auto","background-attachment":"scroll","background-type":"","background-media":"","overlay-type":"","overlay-color":"","overlay-opacity":"","overlay-gradient":""},"mobile":{"background-color":"var(--ast-global-color-5)","background-image":"","background-repeat":"repeat","background-position":"center center","background-size":"auto","background-attachment":"scroll","background-type":"","background-media":"","overlay-type":"","overlay-color":"","overlay-opacity":"","overlay-gradient":""}},"footnotes":""},"class_list":["post-209","page","type-page","status-publish","hentry"],"uagb_featured_image_src":{"full":false,"thumbnail":false,"medium":false,"medium_large":false,"large":false,"1536x1536":false,"2048x2048":false,"trp-custom-language-flag":false},"uagb_author_info":{"display_name":"admin","author_link":"https:\/\/youththeatrehelsinki.com\/fi\/author\/admin\/"},"uagb_comment_info":0,"uagb_excerpt":"Get In Touch You are always welcome to contact Youth Theatre Helsinki directly. We would love to hear from you! [&hellip;]","_links":{"self":[{"href":"https:\/\/youththeatrehelsinki.com\/fi\/wp-json\/wp\/v2\/pages\/209","targetHints":{"allow":["GET"]}}],"collection":[{"href":"https:\/\/youththeatrehelsinki.com\/fi\/wp-json\/wp\/v2\/pages"}],"about":[{"href":"https:\/\/youththeatrehelsinki.com\/fi\/wp-json\/wp\/v2\/types\/page"}],"author":[{"embeddable":true,"href":"https:\/\/youththeatrehelsinki.com\/fi\/wp-json\/wp\/v2\/users\/1"}],"replies":[{"embeddable":true,"href":"https:\/\/youththeatrehelsinki.com\/fi\/wp-json\/wp\/v2\/comments?post=209"}],"version-history":[{"count":42,"href":"https:\/\/youththeatrehelsinki.com\/fi\/wp-json\/wp\/v2\/pages\/209\/revisions"}],"predecessor-version":[{"id":911,"href":"https:\/\/youththeatrehelsinki.com\/fi\/wp-json\/wp\/v2\/pages\/209\/revisions\/911"}],"wp:attachment":[{"href":"https:\/\/youththeatrehelsinki.com\/fi\/wp-json\/wp\/v2\/media?parent=209"}],"curies":[{"name":"wp","href":"https:\/\/api.w.org\/{rel}","templated":true}]}}