{"id":334,"date":"2025-11-23T21:24:01","date_gmt":"2025-11-23T21:24:01","guid":{"rendered":"https:\/\/youththeatrehelsinki.com\/?page_id=334"},"modified":"2026-03-10T09:54:19","modified_gmt":"2026-03-10T09:54:19","slug":"acting-classes-workshops-helsinki","status":"publish","type":"page","link":"https:\/\/youththeatrehelsinki.com\/fi\/acting-classes-workshops-helsinki\/","title":{"rendered":"KURSSIT"},"content":{"rendered":"<div data-elementor-type=\"wp-page\" data-elementor-id=\"334\" class=\"elementor elementor-334\">\n\t\t\t\t\t\t<section class=\"elementor-section elementor-top-section elementor-element elementor-element-orycjbz elementor-section-boxed elementor-section-height-default elementor-section-height-default\" data-id=\"orycjbz\" data-element_type=\"section\" data-e-type=\"section\" data-settings=\"{&quot;background_background&quot;:&quot;classic&quot;}\">\n\t\t\t\t\t\t<div class=\"elementor-container elementor-column-gap-no\">\n\t\t\t\t\t<div class=\"elementor-column elementor-col-100 elementor-top-column elementor-element elementor-element-c3b4893\" data-id=\"c3b4893\" data-element_type=\"column\" data-e-type=\"column\">\n\t\t\t<div class=\"elementor-widget-wrap elementor-element-populated\">\n\t\t\t\t\t\t<section class=\"elementor-section elementor-inner-section elementor-element elementor-element-5b54fb7 elementor-section-boxed elementor-section-height-default elementor-section-height-default\" data-id=\"5b54fb7\" data-element_type=\"section\" data-e-type=\"section\">\n\t\t\t\t\t\t<div class=\"elementor-container elementor-column-gap-no\">\n\t\t\t\t\t<div class=\"elementor-column elementor-col-100 elementor-inner-column elementor-element elementor-element-2823cb6\" data-id=\"2823cb6\" data-element_type=\"column\" data-e-type=\"column\">\n\t\t\t<div class=\"elementor-widget-wrap elementor-element-populated\">\n\t\t\t\t\t\t<div class=\"elementor-element elementor-element-ac7455b elementor-widget elementor-widget-heading\" data-id=\"ac7455b\" data-element_type=\"widget\" data-e-type=\"widget\" data-widget_type=\"heading.default\">\n\t\t\t\t\t<h2 class=\"elementor-heading-title elementor-size-default\">TEATTERISKURSSIT &amp; DRAAMATY\u00d6PAJAT LAPSILLE JA NUORILLE HELSINGISS\u00c4<\/h2>\t\t\t\t<\/div>\n\t\t\t\t<div class=\"elementor-element elementor-element-f2bec8e elementor-widget elementor-widget-text-editor\" data-id=\"f2bec8e\" data-element_type=\"widget\" data-e-type=\"widget\" data-widget_type=\"text-editor.default\">\n\t\t\t\t\t\t\t\t\t<p>Youth Theatre Helsinki tarjoaa <strong>teatterikursseja, ty\u00f6pajoja ja<\/strong> <strong>draamaohjelmia<\/strong> lapsille ja nuorille Helsingiss\u00e4 ymp\u00e4ri vuoden. Viikoittaisista kursseista viikonlopputy\u00f6pajoihin ja kes\u00e4leireille \u2014 <strong>meill\u00e4 on jokaiselle jotakin.<\/strong> Tutustu ohjelmiimme alla ja <strong>l\u00f6yd\u00e4 lapsellesi sopiva vaihtoehto.<\/strong><\/p>\t\t\t\t\t\t\t\t<\/div>\n\t\t\t\t\t<\/div>\n\t\t<\/div>\n\t\t\t\t\t<\/div>\n\t\t<\/section>\n\t\t\t\t<section class=\"elementor-section elementor-inner-section elementor-element elementor-element-8059a1b elementor-section-boxed elementor-section-height-default elementor-section-height-default\" data-id=\"8059a1b\" data-element_type=\"section\" data-e-type=\"section\">\n\t\t\t\t\t\t<div class=\"elementor-container elementor-column-gap-no\">\n\t\t\t\t\t<div class=\"elementor-column elementor-col-25 elementor-inner-column elementor-element elementor-element-c30ee36\" data-id=\"c30ee36\" data-element_type=\"column\" data-e-type=\"column\">\n\t\t\t<div class=\"elementor-widget-wrap elementor-element-populated\">\n\t\t\t\t\t\t<div class=\"elementor-element elementor-element-0c8c0e9 elementor-position-top elementor-widget elementor-widget-image-box\" data-id=\"0c8c0e9\" data-element_type=\"widget\" data-e-type=\"widget\" data-widget_type=\"image-box.default\">\n\t\t\t\t\t<div class=\"elementor-image-box-wrapper\"><figure class=\"elementor-image-box-img\"><img fetchpriority=\"high\" decoding=\"async\" width=\"1713\" height=\"1920\" src=\"https:\/\/youththeatrehelsinki.com\/wp-content\/uploads\/2025\/11\/IMG20250714112736-1-scaled-e1763925705509.webp\" class=\"attachment-full size-full wp-image-286\" alt=\"Acting classes and workshops kids and teens Helsinki draamaworkshop Helsinki lapset\" srcset=\"https:\/\/youththeatrehelsinki.com\/wp-content\/uploads\/2025\/11\/IMG20250714112736-1-scaled-e1763925705509.webp 1713w, https:\/\/youththeatrehelsinki.com\/wp-content\/uploads\/2025\/11\/IMG20250714112736-1-scaled-e1763925705509-268x300.webp 268w, https:\/\/youththeatrehelsinki.com\/wp-content\/uploads\/2025\/11\/IMG20250714112736-1-scaled-e1763925705509-914x1024.webp 914w, https:\/\/youththeatrehelsinki.com\/wp-content\/uploads\/2025\/11\/IMG20250714112736-1-scaled-e1763925705509-768x861.webp 768w, https:\/\/youththeatrehelsinki.com\/wp-content\/uploads\/2025\/11\/IMG20250714112736-1-scaled-e1763925705509-1370x1536.webp 1370w\" sizes=\"(max-width: 1713px) 100vw, 1713px\" \/><\/figure><div class=\"elementor-image-box-content\"><h5 class=\"elementor-image-box-title\">VIIKONLOPPUTY\u00d6PAJA MAALISKUUSSA 2026<\/h5><\/div><\/div>\t\t\t\t<\/div>\n\t\t\t\t<div class=\"elementor-element elementor-element-86ac28a elementor-widget elementor-widget-button\" data-id=\"86ac28a\" data-element_type=\"widget\" data-e-type=\"widget\" data-widget_type=\"button.default\">\n\t\t\t\t\t\t\t\t\t\t<a class=\"elementor-button elementor-button-link elementor-size-sm\" href=\"https:\/\/youththeatrehelsinki.com\/fi\/acting-workshop-march-2026\/\">\n\t\t\t\t\t\t<span class=\"elementor-button-content-wrapper\">\n\t\t\t\t\t\t\t\t\t<span class=\"elementor-button-text\">Teatteriworkshop info<\/span>\n\t\t\t\t\t<\/span>\n\t\t\t\t\t<\/a>\n\t\t\t\t\t\t\t\t<\/div>\n\t\t\t\t<div class=\"elementor-element elementor-element-a4585ad elementor-widget elementor-widget-text-editor\" data-id=\"a4585ad\" data-element_type=\"widget\" data-e-type=\"widget\" data-widget_type=\"text-editor.default\">\n\t\t\t\t\t\t\t\t\t<p><strong>Teatteriworkshop info\nLauantai 7. &amp; sunnuntai 8. maaliskuuta \u2013 Teatteriworkshop aloittelijoille ja kokeneemmille lapsille ja nuorille.\u00a0<\/strong><\/p>\t\t\t\t\t\t\t\t<\/div>\n\t\t\t\t\t<\/div>\n\t\t<\/div>\n\t\t\t\t<div class=\"elementor-column elementor-col-25 elementor-inner-column elementor-element elementor-element-2b6e32e\" data-id=\"2b6e32e\" data-element_type=\"column\" data-e-type=\"column\">\n\t\t\t<div class=\"elementor-widget-wrap elementor-element-populated\">\n\t\t\t\t\t\t<div class=\"elementor-element elementor-element-e1effa6 elementor-position-top elementor-widget elementor-widget-image-box\" data-id=\"e1effa6\" data-element_type=\"widget\" data-e-type=\"widget\" data-widget_type=\"image-box.default\">\n\t\t\t\t\t<div class=\"elementor-image-box-wrapper\"><figure class=\"elementor-image-box-img\"><img decoding=\"async\" width=\"1070\" height=\"1220\" data-src=\"https:\/\/youththeatrehelsinki.com\/wp-content\/uploads\/2025\/11\/IMG_20251124_005452-scaled-e1772549419116.webp\" class=\"attachment-full size-full wp-image-373 lazyload\" alt=\"Workshops and acting classes in Helsinki for kids and teens lapset teatterikurssi Helsinki\" data-srcset=\"https:\/\/youththeatrehelsinki.com\/wp-content\/uploads\/2025\/11\/IMG_20251124_005452-scaled-e1772549419116.webp 1070w, https:\/\/youththeatrehelsinki.com\/wp-content\/uploads\/2025\/11\/IMG_20251124_005452-scaled-e1772549419116-263x300.webp 263w, https:\/\/youththeatrehelsinki.com\/wp-content\/uploads\/2025\/11\/IMG_20251124_005452-scaled-e1772549419116-898x1024.webp 898w, https:\/\/youththeatrehelsinki.com\/wp-content\/uploads\/2025\/11\/IMG_20251124_005452-scaled-e1772549419116-768x876.webp 768w\" data-sizes=\"(max-width: 1070px) 100vw, 1070px\" src=\"data:image\/svg+xml;base64,PHN2ZyB3aWR0aD0iMSIgaGVpZ2h0PSIxIiB4bWxucz0iaHR0cDovL3d3dy53My5vcmcvMjAwMC9zdmciPjwvc3ZnPg==\" style=\"--smush-placeholder-width: 1070px; --smush-placeholder-aspect-ratio: 1070\/1220;\" \/><\/figure><div class=\"elementor-image-box-content\"><h5 class=\"elementor-image-box-title\">KEV\u00c4\u00c4N TEATTERIKURSSIT 2026<\/h5><\/div><\/div>\t\t\t\t<\/div>\n\t\t\t\t<div class=\"elementor-element elementor-element-4b03e2a elementor-widget elementor-widget-button\" data-id=\"4b03e2a\" data-element_type=\"widget\" data-e-type=\"widget\" data-widget_type=\"button.default\">\n\t\t\t\t\t\t\t\t\t\t<a class=\"elementor-button elementor-button-link elementor-size-sm\" href=\"https:\/\/youththeatrehelsinki.com\/fi\/spring-acting-classes-kids\/\">\n\t\t\t\t\t\t<span class=\"elementor-button-content-wrapper\">\n\t\t\t\t\t\t\t\t\t<span class=\"elementor-button-text\">Kev\u00e4\u00e4n teatterikurssit<\/span>\n\t\t\t\t\t<\/span>\n\t\t\t\t\t<\/a>\n\t\t\t\t\t\t\t\t<\/div>\n\t\t\t\t<div class=\"elementor-element elementor-element-609f895 elementor-widget elementor-widget-text-editor\" data-id=\"609f895\" data-element_type=\"widget\" data-e-type=\"widget\" data-widget_type=\"text-editor.default\">\n\t\t\t\t\t\t\t\t\t<p><strong>Teatterikurssit joka maanantai ja keskiviikko tammikuusta toukokuuhun. Kausi p\u00e4\u00e4ttyy esitykseen perheelle ja yst\u00e4ville.<\/strong><\/p>\t\t\t\t\t\t\t\t<\/div>\n\t\t\t\t\t<\/div>\n\t\t<\/div>\n\t\t\t\t<div class=\"elementor-column elementor-col-25 elementor-inner-column elementor-element elementor-element-6c4362d\" data-id=\"6c4362d\" data-element_type=\"column\" data-e-type=\"column\">\n\t\t\t<div class=\"elementor-widget-wrap elementor-element-populated\">\n\t\t\t\t\t\t<div class=\"elementor-element elementor-element-a1f6515 elementor-position-top elementor-widget elementor-widget-image-box\" data-id=\"a1f6515\" data-element_type=\"widget\" data-e-type=\"widget\" data-widget_type=\"image-box.default\">\n\t\t\t\t\t<div class=\"elementor-image-box-wrapper\"><figure class=\"elementor-image-box-img\"><img decoding=\"async\" width=\"1920\" height=\"1830\" data-src=\"https:\/\/youththeatrehelsinki.com\/wp-content\/uploads\/2025\/11\/IMG20250630134514-1-scaled-e1763916941591.webp\" class=\"attachment-full size-full wp-image-287 lazyload\" alt=\"Summer acting workshop 2026 kids and teens in Helsinki Nuori teatteri leiri kes\u00e4\" data-srcset=\"https:\/\/youththeatrehelsinki.com\/wp-content\/uploads\/2025\/11\/IMG20250630134514-1-scaled-e1763916941591.webp 1920w, https:\/\/youththeatrehelsinki.com\/wp-content\/uploads\/2025\/11\/IMG20250630134514-1-scaled-e1763916941591-300x286.webp 300w, https:\/\/youththeatrehelsinki.com\/wp-content\/uploads\/2025\/11\/IMG20250630134514-1-scaled-e1763916941591-1024x976.webp 1024w, https:\/\/youththeatrehelsinki.com\/wp-content\/uploads\/2025\/11\/IMG20250630134514-1-scaled-e1763916941591-768x732.webp 768w, https:\/\/youththeatrehelsinki.com\/wp-content\/uploads\/2025\/11\/IMG20250630134514-1-scaled-e1763916941591-1536x1464.webp 1536w\" data-sizes=\"(max-width: 1920px) 100vw, 1920px\" src=\"data:image\/svg+xml;base64,PHN2ZyB3aWR0aD0iMSIgaGVpZ2h0PSIxIiB4bWxucz0iaHR0cDovL3d3dy53My5vcmcvMjAwMC9zdmciPjwvc3ZnPg==\" style=\"--smush-placeholder-width: 1920px; --smush-placeholder-aspect-ratio: 1920\/1830;\" \/><\/figure><div class=\"elementor-image-box-content\"><h5 class=\"elementor-image-box-title\">KES\u00c4TY\u00d6PAJAT 2026<\/h5><\/div><\/div>\t\t\t\t<\/div>\n\t\t\t\t<div class=\"elementor-element elementor-element-1d4590c elementor-widget elementor-widget-button\" data-id=\"1d4590c\" data-element_type=\"widget\" data-e-type=\"widget\" data-widget_type=\"button.default\">\n\t\t\t\t\t\t\t\t\t\t<a class=\"elementor-button elementor-button-link elementor-size-sm\" href=\"https:\/\/youththeatrehelsinki.com\/fi\/youth-summer-acting-workshops\/\">\n\t\t\t\t\t\t<span class=\"elementor-button-content-wrapper\">\n\t\t\t\t\t\t\t\t\t<span class=\"elementor-button-text\">Kes\u00e4n teatteriworkshopat<\/span>\n\t\t\t\t\t<\/span>\n\t\t\t\t\t<\/a>\n\t\t\t\t\t\t\t\t<\/div>\n\t\t\t\t<div class=\"elementor-element elementor-element-557b1d3 elementor-widget elementor-widget-text-editor\" data-id=\"557b1d3\" data-element_type=\"widget\" data-e-type=\"widget\" data-widget_type=\"text-editor.default\">\n\t\t\t\t\t\t\t\t\t<p><strong>Viikon mittaisia kes\u00e4n teatteriworkshopeja.\u00a0<\/strong><\/p><p><strong>Lis\u00e4tietoja tulossa pian!<\/strong><\/p>\t\t\t\t\t\t\t\t<\/div>\n\t\t\t\t\t<\/div>\n\t\t<\/div>\n\t\t\t\t<div class=\"elementor-column elementor-col-25 elementor-inner-column elementor-element elementor-element-c674632\" data-id=\"c674632\" data-element_type=\"column\" data-e-type=\"column\">\n\t\t\t<div class=\"elementor-widget-wrap elementor-element-populated\">\n\t\t\t\t\t\t<div class=\"elementor-element elementor-element-1f1c73b elementor-position-top elementor-widget elementor-widget-image-box\" data-id=\"1f1c73b\" data-element_type=\"widget\" data-e-type=\"widget\" data-widget_type=\"image-box.default\">\n\t\t\t\t\t<div class=\"elementor-image-box-wrapper\"><figure class=\"elementor-image-box-img\"><img decoding=\"async\" width=\"2560\" height=\"1724\" data-src=\"https:\/\/youththeatrehelsinki.com\/wp-content\/uploads\/2025\/11\/IMG20250704152032-1-scaled-e1763925763828.jpg\" class=\"attachment-full size-full wp-image-44 lazyload\" alt=\"Acting classes and workshops for kids and teens in Helsinki teatteriharrastus Helsinki nuorten lapsille\" data-srcset=\"https:\/\/youththeatrehelsinki.com\/wp-content\/uploads\/2025\/11\/IMG20250704152032-1-scaled-e1763925763828.jpg 2560w, https:\/\/youththeatrehelsinki.com\/wp-content\/uploads\/2025\/11\/IMG20250704152032-1-scaled-e1763925763828-300x202.jpg 300w, https:\/\/youththeatrehelsinki.com\/wp-content\/uploads\/2025\/11\/IMG20250704152032-1-scaled-e1763925763828-1024x690.jpg 1024w, https:\/\/youththeatrehelsinki.com\/wp-content\/uploads\/2025\/11\/IMG20250704152032-1-scaled-e1763925763828-768x517.jpg 768w, https:\/\/youththeatrehelsinki.com\/wp-content\/uploads\/2025\/11\/IMG20250704152032-1-scaled-e1763925763828-1536x1034.jpg 1536w, https:\/\/youththeatrehelsinki.com\/wp-content\/uploads\/2025\/11\/IMG20250704152032-1-scaled-e1763925763828-2048x1379.jpg 2048w\" data-sizes=\"(max-width: 2560px) 100vw, 2560px\" src=\"data:image\/svg+xml;base64,PHN2ZyB3aWR0aD0iMSIgaGVpZ2h0PSIxIiB4bWxucz0iaHR0cDovL3d3dy53My5vcmcvMjAwMC9zdmciPjwvc3ZnPg==\" style=\"--smush-placeholder-width: 2560px; --smush-placeholder-aspect-ratio: 2560\/1724;\" \/><\/figure><div class=\"elementor-image-box-content\"><h5 class=\"elementor-image-box-title\">SYKSY 2025<\/h5><\/div><\/div>\t\t\t\t<\/div>\n\t\t\t\t<div class=\"elementor-element elementor-element-5c918b8 elementor-widget elementor-widget-button\" data-id=\"5c918b8\" data-element_type=\"widget\" data-e-type=\"widget\" data-widget_type=\"button.default\">\n\t\t\t\t\t\t\t\t\t\t<a class=\"elementor-button elementor-button-link elementor-size-sm\" href=\"https:\/\/youththeatrehelsinki.com\/fi\/autumn-2025\/\">\n\t\t\t\t\t\t<span class=\"elementor-button-content-wrapper\">\n\t\t\t\t\t\t\t\t\t<span class=\"elementor-button-text\">Syksyn teatterikurssit<\/span>\n\t\t\t\t\t<\/span>\n\t\t\t\t\t<\/a>\n\t\t\t\t\t\t\t\t<\/div>\n\t\t\t\t<div class=\"elementor-element elementor-element-8d7edca elementor-widget elementor-widget-text-editor\" data-id=\"8d7edca\" data-element_type=\"widget\" data-e-type=\"widget\" data-widget_type=\"text-editor.default\">\n\t\t\t\t\t\t\t\t\t<p><strong>Drop-in teatterikursseja syksyn aikana lauantaisin.\u00a0<\/strong><\/p>\t\t\t\t\t\t\t\t<\/div>\n\t\t\t\t\t<\/div>\n\t\t<\/div>\n\t\t\t\t\t<\/div>\n\t\t<\/section>\n\t\t\t\t\t<\/div>\n\t\t<\/div>\n\t\t\t\t\t<\/div>\n\t\t<\/section>\n\t\t\t\t<section class=\"elementor-section elementor-top-section elementor-element elementor-element-muh3ab0 elementor-section-content-middle elementor-section-boxed elementor-section-height-default elementor-section-height-default\" data-id=\"muh3ab0\" data-element_type=\"section\" data-e-type=\"section\" data-settings=\"{&quot;background_background&quot;:&quot;classic&quot;}\">\n\t\t\t\t\t\t<div class=\"elementor-container elementor-column-gap-default\">\n\t\t\t\t\t<div class=\"elementor-column elementor-col-100 elementor-top-column elementor-element elementor-element-cda29b6\" data-id=\"cda29b6\" data-element_type=\"column\" data-e-type=\"column\">\n\t\t\t<div class=\"elementor-widget-wrap elementor-element-populated\">\n\t\t\t\t\t\t<div class=\"elementor-element elementor-element-bbf9616 elementor-widget elementor-widget-heading\" data-id=\"bbf9616\" data-element_type=\"widget\" data-e-type=\"widget\" data-widget_type=\"heading.default\">\n\t\t\t\t\t<h2 class=\"elementor-heading-title elementor-size-default\">Haluatko tiet\u00e4\u00e4 keist\u00e4 on kyse?<\/h2>\t\t\t\t<\/div>\n\t\t\t\t<section class=\"elementor-section elementor-inner-section elementor-element elementor-element-29103eb elementor-section-boxed elementor-section-height-default elementor-section-height-default\" data-id=\"29103eb\" data-element_type=\"section\" data-e-type=\"section\">\n\t\t\t\t\t\t<div class=\"elementor-container elementor-column-gap-default\">\n\t\t\t\t\t<div class=\"elementor-column elementor-col-100 elementor-inner-column elementor-element elementor-element-cb10aab\" data-id=\"cb10aab\" data-element_type=\"column\" data-e-type=\"column\">\n\t\t\t<div class=\"elementor-widget-wrap elementor-element-populated\">\n\t\t\t\t\t\t<div class=\"elementor-element elementor-element-fc5bfc3 elementor-align-center elementor-mobile-align-center elementor-widget elementor-widget-button\" data-id=\"fc5bfc3\" data-element_type=\"widget\" data-e-type=\"widget\" data-widget_type=\"button.default\">\n\t\t\t\t\t\t\t\t\t\t<a class=\"elementor-button elementor-button-link elementor-size-sm\" href=\"https:\/\/youththeatrehelsinki.com\/fi\/about\/\">\n\t\t\t\t\t\t<span class=\"elementor-button-content-wrapper\">\n\t\t\t\t\t\t\t\t\t<span class=\"elementor-button-text\">Tutustu Youth Theatre Helsingin tiimiin<\/span>\n\t\t\t\t\t<\/span>\n\t\t\t\t\t<\/a>\n\t\t\t\t\t\t\t\t<\/div>\n\t\t\t\t<div class=\"elementor-element elementor-element-4df1d2f e-grid-align-mobile-center elementor-shape-rounded elementor-grid-0 e-grid-align-center elementor-widget elementor-widget-social-icons\" data-id=\"4df1d2f\" data-element_type=\"widget\" data-e-type=\"widget\" data-widget_type=\"social-icons.default\">\n\t\t\t\t\t\t\t<div class=\"elementor-social-icons-wrapper elementor-grid\" role=\"list\">\n\t\t\t\t\t\t\t<span class=\"elementor-grid-item\" role=\"listitem\">\n\t\t\t\t\t<a class=\"elementor-icon elementor-social-icon elementor-social-icon-facebook-f elementor-repeater-item-9df531e\" href=\"https:\/\/www.facebook.com\/p\/Youth-Theatre-Helsinki-61577301058170\/\" target=\"_blank\" rel=\"noopener\">\n\t\t\t\t\t\t<span class=\"elementor-screen-only\">Facebook-f<\/span>\n\t\t\t\t\t\t<svg aria-hidden=\"true\" class=\"e-font-icon-svg e-fab-facebook-f\" viewbox=\"0 0 320 512\" xmlns=\"http:\/\/www.w3.org\/2000\/svg\"><path d=\"M279.14 288l14.22-92.66h-88.91v-60.13c0-25.35 12.42-50.06 52.24-50.06h40.42V6.26S260.43 0 225.36 0c-73.22 0-121.08 44.38-121.08 124.72v70.62H22.89V288h81.39v224h100.17V288z\"><\/path><\/svg>\t\t\t\t\t<\/a>\n\t\t\t\t<\/span>\n\t\t\t\t\t\t\t<span class=\"elementor-grid-item\" role=\"listitem\">\n\t\t\t\t\t<a class=\"elementor-icon elementor-social-icon elementor-social-icon-instagram elementor-repeater-item-f787bb6\" href=\"https:\/\/www.instagram.com\/youththeatrehelsinki\/\" target=\"_blank\" rel=\"noopener\">\n\t\t\t\t\t\t<span class=\"elementor-screen-only\">Instagram<\/span>\n\t\t\t\t\t\t<svg aria-hidden=\"true\" class=\"e-font-icon-svg e-fab-instagram\" viewbox=\"0 0 448 512\" xmlns=\"http:\/\/www.w3.org\/2000\/svg\"><path d=\"M224.1 141c-63.6 0-114.9 51.3-114.9 114.9s51.3 114.9 114.9 114.9S339 319.5 339 255.9 287.7 141 224.1 141zm0 189.6c-41.1 0-74.7-33.5-74.7-74.7s33.5-74.7 74.7-74.7 74.7 33.5 74.7 74.7-33.6 74.7-74.7 74.7zm146.4-194.3c0 14.9-12 26.8-26.8 26.8-14.9 0-26.8-12-26.8-26.8s12-26.8 26.8-26.8 26.8 12 26.8 26.8zm76.1 27.2c-1.7-35.9-9.9-67.7-36.2-93.9-26.2-26.2-58-34.4-93.9-36.2-37-2.1-147.9-2.1-184.9 0-35.8 1.7-67.6 9.9-93.9 36.1s-34.4 58-36.2 93.9c-2.1 37-2.1 147.9 0 184.9 1.7 35.9 9.9 67.7 36.2 93.9s58 34.4 93.9 36.2c37 2.1 147.9 2.1 184.9 0 35.9-1.7 67.7-9.9 93.9-36.2 26.2-26.2 34.4-58 36.2-93.9 2.1-37 2.1-147.8 0-184.8zM398.8 388c-7.8 19.6-22.9 34.7-42.6 42.6-29.5 11.7-99.5 9-132.1 9s-102.7 2.6-132.1-9c-19.6-7.8-34.7-22.9-42.6-42.6-11.7-29.5-9-99.5-9-132.1s-2.6-102.7 9-132.1c7.8-19.6 22.9-34.7 42.6-42.6 29.5-11.7 99.5-9 132.1-9s102.7-2.6 132.1 9c19.6 7.8 34.7 22.9 42.6 42.6 11.7 29.5 9 99.5 9 132.1s2.7 102.7-9 132.1z\"><\/path><\/svg>\t\t\t\t\t<\/a>\n\t\t\t\t<\/span>\n\t\t\t\t\t<\/div>\n\t\t\t\t\t\t<\/div>\n\t\t\t\t\t<\/div>\n\t\t<\/div>\n\t\t\t\t\t<\/div>\n\t\t<\/section>\n\t\t\t\t\t<\/div>\n\t\t<\/div>\n\t\t\t\t\t<\/div>\n\t\t<\/section>\n\t\t\t\t<\/div>","protected":false},"excerpt":{"rendered":"<p>ACTING CLASSES AND WORKSHOPS FOR KIDS AND TEENS IN HELSINKI At Youth Theatre Helsinki we run acting classes, workshops and [&hellip;]<\/p>\n","protected":false},"author":1,"featured_media":0,"parent":0,"menu_order":0,"comment_status":"closed","ping_status":"closed","template":"","meta":{"_uag_custom_page_level_css":"","site-sidebar-layout":"no-sidebar","site-content-layout":"","ast-site-content-layout":"full-width-container","site-content-style":"default","site-sidebar-style":"default","ast-global-header-display":"","ast-banner-title-visibility":"","ast-main-header-display":"","ast-hfb-above-header-display":"","ast-hfb-below-header-display":"","ast-hfb-mobile-header-display":"","site-post-title":"","ast-breadcrumbs-content":"","ast-featured-img":"disabled","footer-sml-layout":"","ast-disable-related-posts":"","theme-transparent-header-meta":"","adv-header-id-meta":"","stick-header-meta":"","header-above-stick-meta":"","header-main-stick-meta":"","header-below-stick-meta":"","astra-migrate-meta-layouts":"default","ast-page-background-enabled":"default","ast-page-background-meta":{"desktop":{"background-color":"var(--ast-global-color-4)","background-image":"","background-repeat":"repeat","background-position":"center center","background-size":"auto","background-attachment":"scroll","background-type":"","background-media":"","overlay-type":"","overlay-color":"","overlay-opacity":"","overlay-gradient":""},"tablet":{"background-color":"","background-image":"","background-repeat":"repeat","background-position":"center center","background-size":"auto","background-attachment":"scroll","background-type":"","background-media":"","overlay-type":"","overlay-color":"","overlay-opacity":"","overlay-gradient":""},"mobile":{"background-color":"","background-image":"","background-repeat":"repeat","background-position":"center center","background-size":"auto","background-attachment":"scroll","background-type":"","background-media":"","overlay-type":"","overlay-color":"","overlay-opacity":"","overlay-gradient":""}},"ast-content-background-meta":{"desktop":{"background-color":"var(--ast-global-color-5)","background-image":"","background-repeat":"repeat","background-position":"center center","background-size":"auto","background-attachment":"scroll","background-type":"","background-media":"","overlay-type":"","overlay-color":"","overlay-opacity":"","overlay-gradient":""},"tablet":{"background-color":"var(--ast-global-color-5)","background-image":"","background-repeat":"repeat","background-position":"center center","background-size":"auto","background-attachment":"scroll","background-type":"","background-media":"","overlay-type":"","overlay-color":"","overlay-opacity":"","overlay-gradient":""},"mobile":{"background-color":"var(--ast-global-color-5)","background-image":"","background-repeat":"repeat","background-position":"center center","background-size":"auto","background-attachment":"scroll","background-type":"","background-media":"","overlay-type":"","overlay-color":"","overlay-opacity":"","overlay-gradient":""}},"footnotes":""},"class_list":["post-334","page","type-page","status-publish","hentry"],"uagb_featured_image_src":{"full":false,"thumbnail":false,"medium":false,"medium_large":false,"large":false,"1536x1536":false,"2048x2048":false,"trp-custom-language-flag":false},"uagb_author_info":{"display_name":"admin","author_link":"https:\/\/youththeatrehelsinki.com\/fi\/author\/admin\/"},"uagb_comment_info":0,"uagb_excerpt":"ACTING CLASSES AND WORKSHOPS FOR KIDS AND TEENS IN HELSINKI At Youth Theatre Helsinki we run acting classes, workshops and [&hellip;]","_links":{"self":[{"href":"https:\/\/youththeatrehelsinki.com\/fi\/wp-json\/wp\/v2\/pages\/334","targetHints":{"allow":["GET"]}}],"collection":[{"href":"https:\/\/youththeatrehelsinki.com\/fi\/wp-json\/wp\/v2\/pages"}],"about":[{"href":"https:\/\/youththeatrehelsinki.com\/fi\/wp-json\/wp\/v2\/types\/page"}],"author":[{"embeddable":true,"href":"https:\/\/youththeatrehelsinki.com\/fi\/wp-json\/wp\/v2\/users\/1"}],"replies":[{"embeddable":true,"href":"https:\/\/youththeatrehelsinki.com\/fi\/wp-json\/wp\/v2\/comments?post=334"}],"version-history":[{"count":66,"href":"https:\/\/youththeatrehelsinki.com\/fi\/wp-json\/wp\/v2\/pages\/334\/revisions"}],"predecessor-version":[{"id":966,"href":"https:\/\/youththeatrehelsinki.com\/fi\/wp-json\/wp\/v2\/pages\/334\/revisions\/966"}],"wp:attachment":[{"href":"https:\/\/youththeatrehelsinki.com\/fi\/wp-json\/wp\/v2\/media?parent=334"}],"curies":[{"name":"wp","href":"https:\/\/api.w.org\/{rel}","templated":true}]}}