{"id":509,"date":"2026-01-30T17:57:34","date_gmt":"2026-01-30T17:57:34","guid":{"rendered":"https:\/\/youththeatrehelsinki.com\/?page_id=509"},"modified":"2026-03-10T09:57:39","modified_gmt":"2026-03-10T09:57:39","slug":"acting-workshop-march-2026","status":"publish","type":"page","link":"https:\/\/youththeatrehelsinki.com\/fi\/acting-workshop-march-2026\/","title":{"rendered":"TY\u00d6PAJA MAALISKUUSSA 2026"},"content":{"rendered":"<div data-elementor-type=\"wp-page\" data-elementor-id=\"509\" class=\"elementor elementor-509\">\n\t\t\t\t\t\t<section class=\"elementor-section elementor-top-section elementor-element elementor-element-rtnodcw elementor-section-full_width elementor-section-content-bottom elementor-section-height-default elementor-section-height-default\" data-id=\"rtnodcw\" data-element_type=\"section\" data-e-type=\"section\" data-settings=\"{&quot;background_background&quot;:&quot;classic&quot;}\">\n\t\t\t\t\t\t<div class=\"elementor-container elementor-column-gap-no\">\n\t\t\t\t\t<div class=\"elementor-column elementor-col-50 elementor-top-column elementor-element elementor-element-bf8bd6b\" data-id=\"bf8bd6b\" data-element_type=\"column\" data-e-type=\"column\">\n\t\t\t<div class=\"elementor-widget-wrap elementor-element-populated\">\n\t\t\t\t\t\t<section class=\"elementor-section elementor-inner-section elementor-element elementor-element-93157c0 elementor-reverse-tablet elementor-reverse-mobile elementor-section-boxed elementor-section-height-default elementor-section-height-default\" data-id=\"93157c0\" data-element_type=\"section\" data-e-type=\"section\">\n\t\t\t\t\t\t<div class=\"elementor-container elementor-column-gap-default\">\n\t\t\t\t\t<div class=\"elementor-column elementor-col-100 elementor-inner-column elementor-element elementor-element-9d5de56\" data-id=\"9d5de56\" data-element_type=\"column\" data-e-type=\"column\">\n\t\t\t<div class=\"elementor-widget-wrap elementor-element-populated\">\n\t\t\t\t\t\t<div class=\"elementor-element elementor-element-9722e73 elementor-widget elementor-widget-heading\" data-id=\"9722e73\" data-element_type=\"widget\" data-e-type=\"widget\" data-widget_type=\"heading.default\">\n\t\t\t\t\t<h1 class=\"elementor-heading-title elementor-size-default\">N\u00c4YTTELEMISEN VIIKONLOPPUWORKSHOP<\/h1>\t\t\t\t<\/div>\n\t\t\t\t<div class=\"elementor-element elementor-element-ce33e98 elementor-widget elementor-widget-text-editor\" data-id=\"ce33e98\" data-element_type=\"widget\" data-e-type=\"widget\" data-widget_type=\"text-editor.default\">\n\t\t\t\t\t\t\t\t\t<p><strong>Youth Theatre Helsingin nuorten teatteriworkshop Maaliskuu 2026<\/strong><\/p><p>Lauantai 7. &amp; sunnuntai 8. maaliskuuta<br \/>klo 10.30\u201315.00 \u2013 sis\u00e4lt\u00e4\u00e4 lounastauon<\/p>\t\t\t\t\t\t\t\t<\/div>\n\t\t\t\t\t<\/div>\n\t\t<\/div>\n\t\t\t\t\t<\/div>\n\t\t<\/section>\n\t\t\t\t\t<\/div>\n\t\t<\/div>\n\t\t\t\t<div class=\"elementor-column elementor-col-50 elementor-top-column elementor-element elementor-element-4576535\" data-id=\"4576535\" data-element_type=\"column\" data-e-type=\"column\" data-settings=\"{&quot;background_background&quot;:&quot;classic&quot;}\">\n\t\t\t<div class=\"elementor-widget-wrap elementor-element-populated\">\n\t\t\t\t\t<div class=\"elementor-background-overlay\"><\/div>\n\t\t\t\t\t\t<section class=\"elementor-section elementor-inner-section elementor-element elementor-element-943b2de elementor-section-content-middle elementor-section-boxed elementor-section-height-default elementor-section-height-default\" data-id=\"943b2de\" data-element_type=\"section\" data-e-type=\"section\" data-settings=\"{&quot;background_background&quot;:&quot;classic&quot;}\">\n\t\t\t\t\t\t<div class=\"elementor-container elementor-column-gap-default\">\n\t\t\t\t\t<div class=\"elementor-column elementor-col-50 elementor-inner-column elementor-element elementor-element-0df3ffb\" data-id=\"0df3ffb\" data-element_type=\"column\" data-e-type=\"column\">\n\t\t\t<div class=\"elementor-widget-wrap elementor-element-populated\">\n\t\t\t\t\t\t<div class=\"elementor-element elementor-element-17f3a31 elementor-widget elementor-widget-image-box\" data-id=\"17f3a31\" data-element_type=\"widget\" data-e-type=\"widget\" data-widget_type=\"image-box.default\">\n\t\t\t\t\t<div class=\"elementor-image-box-wrapper\"><div class=\"elementor-image-box-content\"><h3 class=\"elementor-image-box-title\">HAHMO- JA KOHTAUSTY\u00d6SKENTELY<\/h3><p class=\"elementor-image-box-description\">Lapsille ja nuorille 10\u201317-vuotiaille, hauskassa, turvallisessa ja yhteis\u00f6llisess\u00e4 ymp\u00e4rist\u00f6ss\u00e4<\/p><\/div><\/div>\t\t\t\t<\/div>\n\t\t\t\t\t<\/div>\n\t\t<\/div>\n\t\t\t\t<div class=\"elementor-column elementor-col-50 elementor-inner-column elementor-element elementor-element-f468d9d\" data-id=\"f468d9d\" data-element_type=\"column\" data-e-type=\"column\">\n\t\t\t<div class=\"elementor-widget-wrap\">\n\t\t\t\t\t\t\t<\/div>\n\t\t<\/div>\n\t\t\t\t\t<\/div>\n\t\t<\/section>\n\t\t\t\t\t<\/div>\n\t\t<\/div>\n\t\t\t\t\t<\/div>\n\t\t<\/section>\n\t\t\t\t<section class=\"elementor-section elementor-top-section elementor-element elementor-element-c7e4q20 elementor-section-boxed elementor-section-height-default elementor-section-height-default\" data-id=\"c7e4q20\" data-element_type=\"section\" data-e-type=\"section\" data-settings=\"{&quot;background_background&quot;:&quot;classic&quot;}\">\n\t\t\t\t\t\t<div class=\"elementor-container elementor-column-gap-no\">\n\t\t\t\t\t<div class=\"elementor-column elementor-col-33 elementor-top-column elementor-element elementor-element-8a64f6a\" data-id=\"8a64f6a\" data-element_type=\"column\" data-e-type=\"column\">\n\t\t\t<div class=\"elementor-widget-wrap elementor-element-populated\">\n\t\t\t\t\t\t<div class=\"elementor-element elementor-element-ec06358 elementor-widget elementor-widget-heading\" data-id=\"ec06358\" data-element_type=\"widget\" data-e-type=\"widget\" data-widget_type=\"heading.default\">\n\t\t\t\t\t<h2 class=\"elementor-heading-title elementor-size-default\">NUORTEN TEATTERIWORKSHOP MAALISKUU 2026<\/h2>\t\t\t\t<\/div>\n\t\t\t\t<div class=\"elementor-element elementor-element-8e8fe3d elementor-widget-divider--view-line elementor-widget elementor-widget-divider\" data-id=\"8e8fe3d\" data-element_type=\"widget\" data-e-type=\"widget\" data-widget_type=\"divider.default\">\n\t\t\t\t\t\t\t<div class=\"elementor-divider\">\n\t\t\t<span class=\"elementor-divider-separator\">\n\t\t\t\t\t\t<\/span>\n\t\t<\/div>\n\t\t\t\t\t\t<\/div>\n\t\t\t\t\t<\/div>\n\t\t<\/div>\n\t\t\t\t<div class=\"elementor-column elementor-col-33 elementor-top-column elementor-element elementor-element-7d740e3\" data-id=\"7d740e3\" data-element_type=\"column\" data-e-type=\"column\">\n\t\t\t<div class=\"elementor-widget-wrap elementor-element-populated\">\n\t\t\t\t\t\t<div class=\"elementor-element elementor-element-f8bfac1 elementor-widget elementor-widget-text-editor\" data-id=\"f8bfac1\" data-element_type=\"widget\" data-e-type=\"widget\" data-widget_type=\"text-editor.default\">\n\t\t\t\t\t\t\t\t\t<p>TERVETULOA NUORTEN TEATTERIWORKSHOPIIN 7.\u20138. MAALISKUUTA<\/p><p>Lapsille 10\u201312-vuotiaille &amp; nuorille 13\u201317-vuotiaille<\/p>\t\t\t\t\t\t\t\t<\/div>\n\t\t\t\t<div class=\"elementor-element elementor-element-e2cab8c elementor-widget elementor-widget-text-editor\" data-id=\"e2cab8c\" data-element_type=\"widget\" data-e-type=\"widget\" data-widget_type=\"text-editor.default\">\n\t\t\t\t\t\t\t\t\t<p>Olemme innoissamme saadessamme tarjota nuorten teatteriworkshopin 7.\u20138. maaliskuuta!<\/p><p>Luvassa on n\u00e4yttelemist\u00e4ytteinen, leikkis\u00e4 ja luova viikonloppu<strong>\u00a010\u201317-vuotiaille lapsille ja nuorille Helsingiss\u00e4!<\/strong>\u00a0<\/p><p>T\u00e4m\u00e4 kaksip\u00e4iv\u00e4inen workshop keskittyy\u00a0<strong>hahmo- ja kohtausty\u00f6skentelyyn<\/strong>\u00a0ja on avoin sek\u00e4 ensikertalaisille ett\u00e4 kokeneemmille n\u00e4yttelij\u00f6ille, jotka haluavat syvent\u00e4\u00e4 taitojaan.<\/p><p>Youth Theatre Helsingiss\u00e4 tutkimme n\u00e4yttelemist\u00e4, fyysist\u00e4 teatteria, improvisaatiota ja tarinankerrontaa\u00a0<b>hauskassa, luovassa ja kannustavassa ymp\u00e4rist\u00f6ss\u00e4.\u00a0<\/b><\/p>\t\t\t\t\t\t\t\t<\/div>\n\t\t\t\t\t<\/div>\n\t\t<\/div>\n\t\t\t\t<div class=\"elementor-column elementor-col-33 elementor-top-column elementor-element elementor-element-3e17184 elementor-hidden-tablet elementor-hidden-phone\" data-id=\"3e17184\" data-element_type=\"column\" data-e-type=\"column\">\n\t\t\t<div class=\"elementor-widget-wrap\">\n\t\t\t\t\t\t\t<\/div>\n\t\t<\/div>\n\t\t\t\t\t<\/div>\n\t\t<\/section>\n\t\t\t\t<section class=\"elementor-section elementor-top-section elementor-element elementor-element-aovfs2m elementor-section-content-middle elementor-reverse-mobile elementor-section-boxed elementor-section-height-default elementor-section-height-default\" data-id=\"aovfs2m\" data-element_type=\"section\" data-e-type=\"section\" data-settings=\"{&quot;background_background&quot;:&quot;classic&quot;}\">\n\t\t\t\t\t\t\t<div class=\"elementor-background-overlay\"><\/div>\n\t\t\t\t\t\t\t<div class=\"elementor-container elementor-column-gap-default\">\n\t\t\t\t\t<div class=\"elementor-column elementor-col-100 elementor-top-column elementor-element elementor-element-bd02821\" data-id=\"bd02821\" data-element_type=\"column\" data-e-type=\"column\">\n\t\t\t<div class=\"elementor-widget-wrap elementor-element-populated\">\n\t\t\t\t\t\t<div class=\"elementor-element elementor-element-65c663e elementor-widget elementor-widget-heading\" data-id=\"65c663e\" data-element_type=\"widget\" data-e-type=\"widget\" data-widget_type=\"heading.default\">\n\t\t\t\t\t<h2 class=\"elementor-heading-title elementor-size-default\">HAHMO- JA KOHTAUSTY\u00d6SKENTELY<\/h2>\t\t\t\t<\/div>\n\t\t\t\t<div class=\"elementor-element elementor-element-5d70427 elementor-widget elementor-widget-text-editor\" data-id=\"5d70427\" data-element_type=\"widget\" data-e-type=\"widget\" data-widget_type=\"text-editor.default\">\n\t\t\t\t\t\t\t\t\t<p><b>Viikonlopun aikana tutkimme:\u00a0<\/b><\/p><ul><li><p>Hahmojen rakentamista\u00a0<strong>asennon, liikkeen, rytmin ja \u00e4\u00e4nen kautta<\/strong><\/p><\/li><li><p>Hahmon sis\u00e4isten halujen,\u00a0<strong>suhteiden ja motivaatioiden l\u00f6yt\u00e4mist\u00e4<\/strong><\/p><\/li><li><p>L\u00e4sn\u00e4olon, mielikuvituksen ja itseluottamuksen kehitt\u00e4mist\u00e4 lavalla<\/p><\/li><li><p>Kohtausty\u00f6skentely\u00e4 k\u00e4sikirjoituksen, improvisoinnin ja ohjattujen harjoitusten kautta<\/p><\/li><\/ul><p><b>Workshopin aikataulu:<\/b><\/p><ul><li dir=\"ltr\"><p dir=\"ltr\"><b>Lauantai 7. maaliskuuta\u00a0<\/b>klo 10.30\u201315.00 \u2013 sis\u00e4lt\u00e4\u00e4 30 minuutin lounastauon<\/p><\/li><li dir=\"ltr\"><p dir=\"ltr\"><b>Sunnuntai 8. maaliskuuta<\/b>\u00a0klo 10.30\u201315.00 \u2013 sis\u00e4lt\u00e4\u00e4 30 minuutin lounastauon<\/p><\/li><\/ul><div><b>Miss\u00e4: Reprum (Repsal), J\u00e4tk\u00e4saari, V\u00e4limerenkatu 14.\u00a0<\/b>Repsal sijaitsee katutasossa, Teatteri Viiruksen ja R-kioskin v\u00e4liss\u00e4.<\/div><div>\u00a0<\/div><p>Kurssimaksu:\u00a0<\/p><div><b>Normaalihinta 90,00 \u20ac.\u00a0<br \/>Tuo kaveri mukaan ja saatte molemmat 10 \u20ac alennuksen!<\/b><\/div><div>Erityisalennus saatavilla Youth Theatre Helsingin viikoittaisille teatterikursseille t\u00e4ll\u00e4 hetkell\u00e4 ilmoittautuneille opiskelijoille.<\/div>\t\t\t\t\t\t\t\t<\/div>\n\t\t\t\t<div class=\"elementor-element elementor-element-a92ab49 elementor-widget elementor-widget-image\" data-id=\"a92ab49\" data-element_type=\"widget\" data-e-type=\"widget\" data-widget_type=\"image.default\">\n\t\t\t\t\t\t\t\t\t\t\t\t\t\t\t<img fetchpriority=\"high\" decoding=\"async\" width=\"768\" height=\"772\" src=\"https:\/\/youththeatrehelsinki.com\/wp-content\/uploads\/2025\/11\/IMG20251122123012-scaled-e1767876325760-768x772.webp\" class=\"attachment-medium_large size-medium_large wp-image-288\" alt=\"Kids acting workshop Helsinki Teatteri harrastus lapsille helsinki\" srcset=\"https:\/\/youththeatrehelsinki.com\/wp-content\/uploads\/2025\/11\/IMG20251122123012-scaled-e1767876325760-768x772.webp 768w, https:\/\/youththeatrehelsinki.com\/wp-content\/uploads\/2025\/11\/IMG20251122123012-scaled-e1767876325760-298x300.webp 298w, https:\/\/youththeatrehelsinki.com\/wp-content\/uploads\/2025\/11\/IMG20251122123012-scaled-e1767876325760-1018x1024.webp 1018w, https:\/\/youththeatrehelsinki.com\/wp-content\/uploads\/2025\/11\/IMG20251122123012-scaled-e1767876325760-150x150.webp 150w, https:\/\/youththeatrehelsinki.com\/wp-content\/uploads\/2025\/11\/IMG20251122123012-scaled-e1767876325760-1527x1536.webp 1527w, https:\/\/youththeatrehelsinki.com\/wp-content\/uploads\/2025\/11\/IMG20251122123012-scaled-e1767876325760.webp 1574w\" sizes=\"(max-width: 768px) 100vw, 768px\" \/>\t\t\t\t\t\t\t\t\t\t\t\t\t\t\t<\/div>\n\t\t\t\t\t<\/div>\n\t\t<\/div>\n\t\t\t\t\t<\/div>\n\t\t<\/section>\n\t\t\t\t<section class=\"elementor-section elementor-top-section elementor-element elementor-element-z56ybvm elementor-section-content-middle elementor-section-boxed elementor-section-height-default elementor-section-height-default\" data-id=\"z56ybvm\" data-element_type=\"section\" data-e-type=\"section\" data-settings=\"{&quot;background_background&quot;:&quot;classic&quot;}\">\n\t\t\t\t\t\t<div class=\"elementor-container elementor-column-gap-default\">\n\t\t\t\t\t<div class=\"elementor-column elementor-col-100 elementor-top-column elementor-element elementor-element-cda29b6\" data-id=\"cda29b6\" data-element_type=\"column\" data-e-type=\"column\">\n\t\t\t<div class=\"elementor-widget-wrap elementor-element-populated\">\n\t\t\t\t\t\t<div class=\"elementor-element elementor-element-bbf9616 elementor-widget elementor-widget-heading\" data-id=\"bbf9616\" data-element_type=\"widget\" data-e-type=\"widget\" data-widget_type=\"heading.default\">\n\t\t\t\t\t<h2 class=\"elementor-heading-title elementor-size-default\">Interested in exploring acting? Check out our Drama classes<\/h2>\t\t\t\t<\/div>\n\t\t\t\t<section class=\"elementor-section elementor-inner-section elementor-element elementor-element-29103eb elementor-section-boxed elementor-section-height-default elementor-section-height-default\" data-id=\"29103eb\" data-element_type=\"section\" data-e-type=\"section\">\n\t\t\t\t\t\t<div class=\"elementor-container elementor-column-gap-default\">\n\t\t\t\t\t<div class=\"elementor-column elementor-col-100 elementor-inner-column elementor-element elementor-element-cb10aab\" data-id=\"cb10aab\" data-element_type=\"column\" data-e-type=\"column\">\n\t\t\t<div class=\"elementor-widget-wrap elementor-element-populated\">\n\t\t\t\t\t\t<div class=\"elementor-element elementor-element-fc5bfc3 elementor-align-center elementor-mobile-align-center elementor-widget elementor-widget-button\" data-id=\"fc5bfc3\" data-element_type=\"widget\" data-e-type=\"widget\" data-widget_type=\"button.default\">\n\t\t\t\t\t\t\t\t\t\t<a class=\"elementor-button elementor-button-link elementor-size-sm\" href=\"https:\/\/youththeatrehelsinki.com\/fi\/acting-classes-workshops-helsinki\/\">\n\t\t\t\t\t\t<span class=\"elementor-button-content-wrapper\">\n\t\t\t\t\t\t\t\t\t<span class=\"elementor-button-text\">Tutustu teatterikursseihin<\/span>\n\t\t\t\t\t<\/span>\n\t\t\t\t\t<\/a>\n\t\t\t\t\t\t\t\t<\/div>\n\t\t\t\t<div class=\"elementor-element elementor-element-4df1d2f e-grid-align-mobile-center elementor-shape-rounded elementor-grid-0 e-grid-align-center elementor-widget elementor-widget-social-icons\" data-id=\"4df1d2f\" data-element_type=\"widget\" data-e-type=\"widget\" data-widget_type=\"social-icons.default\">\n\t\t\t\t\t\t\t<div class=\"elementor-social-icons-wrapper elementor-grid\" role=\"list\">\n\t\t\t\t\t\t\t<span class=\"elementor-grid-item\" role=\"listitem\">\n\t\t\t\t\t<a class=\"elementor-icon elementor-social-icon elementor-social-icon-facebook-f elementor-repeater-item-9df531e\" href=\"https:\/\/www.facebook.com\/p\/Youth-Theatre-Helsinki-61577301058170\/\" target=\"_blank\" rel=\"noopener\">\n\t\t\t\t\t\t<span class=\"elementor-screen-only\">Facebook-f<\/span>\n\t\t\t\t\t\t<svg aria-hidden=\"true\" class=\"e-font-icon-svg e-fab-facebook-f\" viewbox=\"0 0 320 512\" xmlns=\"http:\/\/www.w3.org\/2000\/svg\"><path d=\"M279.14 288l14.22-92.66h-88.91v-60.13c0-25.35 12.42-50.06 52.24-50.06h40.42V6.26S260.43 0 225.36 0c-73.22 0-121.08 44.38-121.08 124.72v70.62H22.89V288h81.39v224h100.17V288z\"><\/path><\/svg>\t\t\t\t\t<\/a>\n\t\t\t\t<\/span>\n\t\t\t\t\t\t\t<span class=\"elementor-grid-item\" role=\"listitem\">\n\t\t\t\t\t<a class=\"elementor-icon elementor-social-icon elementor-social-icon-instagram elementor-repeater-item-f787bb6\" href=\"https:\/\/www.instagram.com\/youththeatrehelsinki\/\" target=\"_blank\" rel=\"noopener\">\n\t\t\t\t\t\t<span class=\"elementor-screen-only\">Instagram<\/span>\n\t\t\t\t\t\t<svg aria-hidden=\"true\" class=\"e-font-icon-svg e-fab-instagram\" viewbox=\"0 0 448 512\" xmlns=\"http:\/\/www.w3.org\/2000\/svg\"><path d=\"M224.1 141c-63.6 0-114.9 51.3-114.9 114.9s51.3 114.9 114.9 114.9S339 319.5 339 255.9 287.7 141 224.1 141zm0 189.6c-41.1 0-74.7-33.5-74.7-74.7s33.5-74.7 74.7-74.7 74.7 33.5 74.7 74.7-33.6 74.7-74.7 74.7zm146.4-194.3c0 14.9-12 26.8-26.8 26.8-14.9 0-26.8-12-26.8-26.8s12-26.8 26.8-26.8 26.8 12 26.8 26.8zm76.1 27.2c-1.7-35.9-9.9-67.7-36.2-93.9-26.2-26.2-58-34.4-93.9-36.2-37-2.1-147.9-2.1-184.9 0-35.8 1.7-67.6 9.9-93.9 36.1s-34.4 58-36.2 93.9c-2.1 37-2.1 147.9 0 184.9 1.7 35.9 9.9 67.7 36.2 93.9s58 34.4 93.9 36.2c37 2.1 147.9 2.1 184.9 0 35.9-1.7 67.7-9.9 93.9-36.2 26.2-26.2 34.4-58 36.2-93.9 2.1-37 2.1-147.8 0-184.8zM398.8 388c-7.8 19.6-22.9 34.7-42.6 42.6-29.5 11.7-99.5 9-132.1 9s-102.7 2.6-132.1-9c-19.6-7.8-34.7-22.9-42.6-42.6-11.7-29.5-9-99.5-9-132.1s-2.6-102.7 9-132.1c7.8-19.6 22.9-34.7 42.6-42.6 29.5-11.7 99.5-9 132.1-9s102.7-2.6 132.1 9c19.6 7.8 34.7 22.9 42.6 42.6 11.7 29.5 9 99.5 9 132.1s2.7 102.7-9 132.1z\"><\/path><\/svg>\t\t\t\t\t<\/a>\n\t\t\t\t<\/span>\n\t\t\t\t\t<\/div>\n\t\t\t\t\t\t<\/div>\n\t\t\t\t\t<\/div>\n\t\t<\/div>\n\t\t\t\t\t<\/div>\n\t\t<\/section>\n\t\t\t\t\t<\/div>\n\t\t<\/div>\n\t\t\t\t\t<\/div>\n\t\t<\/section>\n\t\t\t\t<\/div>","protected":false},"excerpt":{"rendered":"<p>ACTING WEEKEND WORKSHOP Youth Acting Workshop March 2026 Saturday 7th &amp; Sunday 8thFrom 10.30-15.00 &#8211; including lunch break CHARACTER AND [&hellip;]<\/p>\n","protected":false},"author":1,"featured_media":0,"parent":0,"menu_order":0,"comment_status":"closed","ping_status":"closed","template":"","meta":{"_uag_custom_page_level_css":"","site-sidebar-layout":"no-sidebar","site-content-layout":"","ast-site-content-layout":"full-width-container","site-content-style":"default","site-sidebar-style":"default","ast-global-header-display":"","ast-banner-title-visibility":"","ast-main-header-display":"","ast-hfb-above-header-display":"","ast-hfb-below-header-display":"","ast-hfb-mobile-header-display":"","site-post-title":"","ast-breadcrumbs-content":"","ast-featured-img":"disabled","footer-sml-layout":"","ast-disable-related-posts":"","theme-transparent-header-meta":"","adv-header-id-meta":"","stick-header-meta":"","header-above-stick-meta":"","header-main-stick-meta":"","header-below-stick-meta":"","astra-migrate-meta-layouts":"default","ast-page-background-enabled":"default","ast-page-background-meta":{"desktop":{"background-color":"var(--ast-global-color-4)","background-image":"","background-repeat":"repeat","background-position":"center center","background-size":"auto","background-attachment":"scroll","background-type":"","background-media":"","overlay-type":"","overlay-color":"","overlay-opacity":"","overlay-gradient":""},"tablet":{"background-color":"","background-image":"","background-repeat":"repeat","background-position":"center center","background-size":"auto","background-attachment":"scroll","background-type":"","background-media":"","overlay-type":"","overlay-color":"","overlay-opacity":"","overlay-gradient":""},"mobile":{"background-color":"","background-image":"","background-repeat":"repeat","background-position":"center center","background-size":"auto","background-attachment":"scroll","background-type":"","background-media":"","overlay-type":"","overlay-color":"","overlay-opacity":"","overlay-gradient":""}},"ast-content-background-meta":{"desktop":{"background-color":"var(--ast-global-color-5)","background-image":"","background-repeat":"repeat","background-position":"center center","background-size":"auto","background-attachment":"scroll","background-type":"","background-media":"","overlay-type":"","overlay-color":"","overlay-opacity":"","overlay-gradient":""},"tablet":{"background-color":"var(--ast-global-color-5)","background-image":"","background-repeat":"repeat","background-position":"center center","background-size":"auto","background-attachment":"scroll","background-type":"","background-media":"","overlay-type":"","overlay-color":"","overlay-opacity":"","overlay-gradient":""},"mobile":{"background-color":"var(--ast-global-color-5)","background-image":"","background-repeat":"repeat","background-position":"center center","background-size":"auto","background-attachment":"scroll","background-type":"","background-media":"","overlay-type":"","overlay-color":"","overlay-opacity":"","overlay-gradient":""}},"footnotes":""},"class_list":["post-509","page","type-page","status-publish","hentry"],"uagb_featured_image_src":{"full":false,"thumbnail":false,"medium":false,"medium_large":false,"large":false,"1536x1536":false,"2048x2048":false,"trp-custom-language-flag":false},"uagb_author_info":{"display_name":"admin","author_link":"https:\/\/youththeatrehelsinki.com\/fi\/author\/admin\/"},"uagb_comment_info":0,"uagb_excerpt":"ACTING WEEKEND WORKSHOP Youth Acting Workshop March 2026 Saturday 7th &amp; Sunday 8thFrom 10.30-15.00 &#8211; including lunch break CHARACTER AND [&hellip;]","_links":{"self":[{"href":"https:\/\/youththeatrehelsinki.com\/fi\/wp-json\/wp\/v2\/pages\/509","targetHints":{"allow":["GET"]}}],"collection":[{"href":"https:\/\/youththeatrehelsinki.com\/fi\/wp-json\/wp\/v2\/pages"}],"about":[{"href":"https:\/\/youththeatrehelsinki.com\/fi\/wp-json\/wp\/v2\/types\/page"}],"author":[{"embeddable":true,"href":"https:\/\/youththeatrehelsinki.com\/fi\/wp-json\/wp\/v2\/users\/1"}],"replies":[{"embeddable":true,"href":"https:\/\/youththeatrehelsinki.com\/fi\/wp-json\/wp\/v2\/comments?post=509"}],"version-history":[{"count":51,"href":"https:\/\/youththeatrehelsinki.com\/fi\/wp-json\/wp\/v2\/pages\/509\/revisions"}],"predecessor-version":[{"id":975,"href":"https:\/\/youththeatrehelsinki.com\/fi\/wp-json\/wp\/v2\/pages\/509\/revisions\/975"}],"wp:attachment":[{"href":"https:\/\/youththeatrehelsinki.com\/fi\/wp-json\/wp\/v2\/media?parent=509"}],"curies":[{"name":"wp","href":"https:\/\/api.w.org\/{rel}","templated":true}]}}