{"id":550,"date":"2026-03-02T10:59:43","date_gmt":"2026-03-02T10:59:43","guid":{"rendered":"https:\/\/youththeatrehelsinki.com\/?page_id=550"},"modified":"2026-03-04T20:36:53","modified_gmt":"2026-03-04T20:36:53","slug":"why-theatre-is-great-for-kids","status":"publish","type":"page","link":"https:\/\/youththeatrehelsinki.com\/fi\/why-theatre-is-great-for-kids\/","title":{"rendered":"YOUTH THEATRE HELSINKI"},"content":{"rendered":"<div data-elementor-type=\"wp-page\" data-elementor-id=\"550\" class=\"elementor elementor-550\">\n\t\t\t\t<div class=\"elementor-element elementor-element-47000d9 e-flex e-con-boxed e-con e-parent\" data-id=\"47000d9\" data-element_type=\"container\" data-e-type=\"container\">\n\t\t\t\t\t<div class=\"e-con-inner\">\n\t\t\t\t<div class=\"elementor-element elementor-element-8b9bfa7 elementor-widget elementor-widget-text-editor\" data-id=\"8b9bfa7\" data-element_type=\"widget\" data-e-type=\"widget\" data-widget_type=\"text-editor.default\">\n\t\t\t\t\t\t\t\t\t<p><img fetchpriority=\"high\" decoding=\"async\" class=\"aligncenter wp-image-782 size-large\" src=\"https:\/\/youththeatrehelsinki.com\/wp-content\/uploads\/2026\/03\/IMG20260119191321-scaled-e1772621000838-1024x772.jpg\" alt=\"Theatre is great for kids, fun rehearsal\" width=\"1024\" height=\"772\" srcset=\"https:\/\/youththeatrehelsinki.com\/wp-content\/uploads\/2026\/03\/IMG20260119191321-scaled-e1772621000838-1024x772.jpg 1024w, https:\/\/youththeatrehelsinki.com\/wp-content\/uploads\/2026\/03\/IMG20260119191321-scaled-e1772621000838-300x226.jpg 300w, https:\/\/youththeatrehelsinki.com\/wp-content\/uploads\/2026\/03\/IMG20260119191321-scaled-e1772621000838-768x579.jpg 768w, https:\/\/youththeatrehelsinki.com\/wp-content\/uploads\/2026\/03\/IMG20260119191321-scaled-e1772621000838-1536x1158.jpg 1536w, https:\/\/youththeatrehelsinki.com\/wp-content\/uploads\/2026\/03\/IMG20260119191321-scaled-e1772621000838.jpg 1737w\" sizes=\"(max-width: 1024px) 100vw, 1024px\" \/><\/p><h1><b>Miksi teatteri on hienoa lapsille ja nuorille Helsingiss\u00e4<\/b><\/h1><p><i><span style=\"font-weight: 400;\">Youth Theatre Helsinki | Vanhemmille ja perheille<\/span><\/i><\/p><p><span style=\"font-weight: 400;\">Jos olet koskaan katsonut lapsen astuvan lavalle ensimm\u00e4ist\u00e4 kertaa, tied\u00e4t sen ilmeen \u2014 sekoitus j\u00e4nnityst\u00e4, innostusta ja jotain, joka n\u00e4ytt\u00e4\u00e4 hyvin paljon taikuudelta. Teatteri tekee jotain erityist\u00e4 nuorille ihmisille. Kyse ei ole vain vuorosanojen ulkoa opettelemisesta tai puvun pukemisesta (vaikka nekin ovat hauskoja). Kyse on siit\u00e4, ett\u00e4 l\u00f6yt\u00e4\u00e4 kuka on, mihin pystyy ja miten muodostaa yhteyksi\u00e4 muihin.<\/span><\/p><p><span style=\"font-weight: 400;\">Youth Theatre Helsingiss\u00e4 n\u00e4emme t\u00e4m\u00e4n tapahtuvan joka viikko. T\u00e4ss\u00e4 syyt, miksi uskomme teatterin olevan yksi parhaista asioista, joita lapsi voi kokea \u2014 ja miksi niin monet perheet palaavat yh\u00e4 uudelleen.<\/span><\/p><h2><b>1. Se rakentaa aitoa itseluottamusta<\/b><\/h2><p><span style=\"font-weight: 400;\">Yl\u00f6s nouseminen ja puhuminen muiden ihmisten edess\u00e4 on yksi yleisimmist\u00e4 peloista \u2014 niin aikuisilla kuin lapsillakin. Teatteri kannustaa lapsia tekem\u00e4\u00e4n juuri niin, turvallisessa ja kannustavassa ymp\u00e4rist\u00f6ss\u00e4. Ajan my\u00f6t\u00e4 he lakkaavat huolehtimasta siit\u00e4, ett\u00e4 heit\u00e4 katsotaan, ja alkavat nauttia siit\u00e4. Tuo itseluottamus ei j\u00e4\u00e4 lavalle \u2014 se seuraa heit\u00e4 luokkahuoneeseen, urheilukent\u00e4lle ja jokap\u00e4iv\u00e4iseen el\u00e4m\u00e4\u00e4n.<\/span><\/p><h2><b>2. Se opettaa empatiaa ja tunne\u00e4ly\u00e4<\/b><\/h2><p><span style=\"font-weight: 400;\">Kun lapsi esitt\u00e4\u00e4 hahmoa \u2014 olipa se sankari, roisto tai joku t\u00e4ysin erilainen kuin he itse \u2014 heid\u00e4n t\u00e4ytyy ajatella: milt\u00e4 t\u00e4st\u00e4 henkil\u00f6st\u00e4 tuntuu? Mit\u00e4 he haluavat? Miksi he k\u00e4ytt\u00e4ytyv\u00e4t niin kuin k\u00e4ytt\u00e4ytyv\u00e4t? T\u00e4llainen mielikuvituksellinen perspektiivin ottaminen on yksi parhaista tavoista kehitt\u00e4\u00e4 empatiaa. Teatterissa mukana olevista lapsista tulee usein harkitsevampia ja my\u00f6t\u00e4tuntoisempia ihmisi\u00e4, jotka aidosti ymm\u00e4rt\u00e4v\u00e4t, ett\u00e4 muilla on erilaisia kokemuksia.<\/span><\/p><h2><b>3. Se auttaa lapsia l\u00f6yt\u00e4m\u00e4\u00e4n \u00e4\u00e4nens\u00e4<\/b><\/h2><p><span style=\"font-weight: 400;\">Jotkut lapset ovat luonnostaan hiljaisia. Jotkut ovat \u00e4\u00e4nek\u00e4s mutta eiv\u00e4t ole viel\u00e4 oppineet kanavoimaan tuota energiaa. Teatteri toimii molemmille. Se antaa lapsille j\u00e4sennellyn tavan ilmaista itse\u00e4\u00e4n \u2014 \u00e4\u00e4nen, liikkeen, tarinankerronnan ja hahmon kautta. Monet nuoret, jotka tuntevat itsens\u00e4 kuulemattomiksi muissa yhteyksiss\u00e4, l\u00f6yt\u00e4v\u00e4t lavalta jotain aitoa ja voimakasta tarjottavaa.<\/span><\/p><h2><b>4. Se on ihanan sosiaalista<\/b><\/h2><p><span style=\"font-weight: 400;\">Teatteri on tiimity\u00f6t\u00e4. Et voi laittaa esityst\u00e4 pystyyn yksin \u2014 tarvitset n\u00e4yttelij\u00f6it\u00e4, \u00e4\u00e4ni\u00e4, ajoitusta ja luottamusta. Teatterissa lapset oppivat kuuntelemaan toisiaan, tukemaan toisiaan ja juhlimaan toistensa onnistumisia. Harjoitushuoneissa syntyneet yst\u00e4vyydet ovat usein kest\u00e4vi\u00e4, rakennettu yhteisen ponnistelun ja paljon naurun varaan.<\/span><\/p><h2><b>5. Se tekee oppimisesta hauskaa<\/b><\/h2><p><span style=\"font-weight: 400;\">Vuorosanojen opettelu harjoittaa muistia. K\u00e4sikirjoitusten kirjoittaminen kehitt\u00e4\u00e4 luku- ja kirjoitustaitoa. Hahmojen ymm\u00e4rt\u00e4minen rakentaa kriittist\u00e4 ajattelua. Julkinen esiintyminen kehitt\u00e4\u00e4 viestint\u00e4taitoja. Teatteri opettaa hiljaa niin monia asioita kerralla \u2014 ja koska se on nautinnollista, lapset eiv\u00e4t edes huomaa oppivansa. Kuulemme s\u00e4\u00e4nn\u00f6llisesti vanhemmilta, ett\u00e4 heid\u00e4n lapsensa lukeminen, keskittyminen ja tarkkaavaisuus paranivat teatteriryhm\u00e4\u00e4n liittymisen j\u00e4lkeen.<\/span><\/p><p><span style=\"font-weight: 400;\">\u2500\u2500\u2500\u2500\u2500\u2500\u2500\u2500\u2500\u2500\u2500\u2500\u2500\u2500\u2500\u2500\u2500\u2500\u2500\u2500\u2500\u2500\u2500\u2500\u2500\u2500\u2500\u2500\u2500\u2500\u2500\u2500\u2500\u2500\u2500<\/span><\/p><p><span style=\"font-weight: 400;\">Youth Theatre Helsingiss\u00e4 toivotamme tervetulleeksi lapset kaikilla kokemustasoilla \u2014 t\u00e4ydellisist\u00e4 aloittelijoista lupaaviin nuoriin esiintyjiin. Harjoituksemme ovat l\u00e4mpim\u00e4t, osallistavat ja ennen kaikkea hauskoja. Jos lapsesi on koskaan osoittanut edes pienint\u00e4 kiinnostusta esiintymiseen, haluaisimme ottaa heid\u00e4t mukaan.<\/span><\/p><p><a href=\"https:\/\/youththeatrehelsinki.com\/fi\/acting-classes-workshops\/\"><b>Ota yhteytt\u00e4 saadaksesi lis\u00e4tietoja nykyisest\u00e4 ohjelmastamme.<\/b><\/a><\/p>\t\t\t\t\t\t\t\t<\/div>\n\t\t\t\t\t<\/div>\n\t\t\t\t<\/div>\n\t\t\t\t<section class=\"elementor-section elementor-top-section elementor-element elementor-element-s6kf08k elementor-section-content-middle elementor-section-boxed elementor-section-height-default elementor-section-height-default\" data-id=\"s6kf08k\" data-element_type=\"section\" data-e-type=\"section\" data-settings=\"{&quot;background_background&quot;:&quot;classic&quot;}\">\n\t\t\t\t\t\t<div class=\"elementor-container elementor-column-gap-default\">\n\t\t\t\t\t<div class=\"elementor-column elementor-col-100 elementor-top-column elementor-element elementor-element-3a6ef3b\" data-id=\"3a6ef3b\" data-element_type=\"column\" data-e-type=\"column\">\n\t\t\t<div class=\"elementor-widget-wrap elementor-element-populated\">\n\t\t\t\t\t\t<div class=\"elementor-element elementor-element-b7b261e elementor-widget elementor-widget-heading\" data-id=\"b7b261e\" data-element_type=\"widget\" data-e-type=\"widget\" data-widget_type=\"heading.default\">\n\t\t\t\t\t<h2 class=\"elementor-heading-title elementor-size-default\">Ota meihin yhteytt\u00e4<\/h2>\t\t\t\t<\/div>\n\t\t\t\t<section class=\"elementor-section elementor-inner-section elementor-element elementor-element-fe01b2e elementor-section-boxed elementor-section-height-default elementor-section-height-default\" data-id=\"fe01b2e\" data-element_type=\"section\" data-e-type=\"section\">\n\t\t\t\t\t\t<div class=\"elementor-container elementor-column-gap-default\">\n\t\t\t\t\t<div class=\"elementor-column elementor-col-100 elementor-inner-column elementor-element elementor-element-c2d2191\" data-id=\"c2d2191\" data-element_type=\"column\" data-e-type=\"column\">\n\t\t\t<div class=\"elementor-widget-wrap elementor-element-populated\">\n\t\t\t\t\t\t<div class=\"elementor-element elementor-element-3ec8940 elementor-align-center elementor-mobile-align-center elementor-widget elementor-widget-button\" data-id=\"3ec8940\" data-element_type=\"widget\" data-e-type=\"widget\" data-widget_type=\"button.default\">\n\t\t\t\t\t\t\t\t\t\t<a class=\"elementor-button elementor-button-link elementor-size-sm\" href=\"https:\/\/youththeatrehelsinki.com\/fi\/contact\/\">\n\t\t\t\t\t\t<span class=\"elementor-button-content-wrapper\">\n\t\t\t\t\t\t\t\t\t<span class=\"elementor-button-text\">Ota Yhteytt\u00e4<\/span>\n\t\t\t\t\t<\/span>\n\t\t\t\t\t<\/a>\n\t\t\t\t\t\t\t\t<\/div>\n\t\t\t\t<div class=\"elementor-element elementor-element-9ddbaac e-grid-align-mobile-center elementor-shape-rounded elementor-grid-0 e-grid-align-center elementor-widget elementor-widget-social-icons\" data-id=\"9ddbaac\" data-element_type=\"widget\" data-e-type=\"widget\" data-widget_type=\"social-icons.default\">\n\t\t\t\t\t\t\t<div class=\"elementor-social-icons-wrapper elementor-grid\" role=\"list\">\n\t\t\t\t\t\t\t<span class=\"elementor-grid-item\" role=\"listitem\">\n\t\t\t\t\t<a class=\"elementor-icon elementor-social-icon elementor-social-icon-facebook-f elementor-repeater-item-9df531e\" href=\"https:\/\/www.facebook.com\/p\/Youth-Theatre-Helsinki-61577301058170\/\" target=\"_blank\" rel=\"noopener\">\n\t\t\t\t\t\t<span class=\"elementor-screen-only\">Facebook-f<\/span>\n\t\t\t\t\t\t<svg aria-hidden=\"true\" class=\"e-font-icon-svg e-fab-facebook-f\" viewbox=\"0 0 320 512\" xmlns=\"http:\/\/www.w3.org\/2000\/svg\"><path d=\"M279.14 288l14.22-92.66h-88.91v-60.13c0-25.35 12.42-50.06 52.24-50.06h40.42V6.26S260.43 0 225.36 0c-73.22 0-121.08 44.38-121.08 124.72v70.62H22.89V288h81.39v224h100.17V288z\"><\/path><\/svg>\t\t\t\t\t<\/a>\n\t\t\t\t<\/span>\n\t\t\t\t\t\t\t<span class=\"elementor-grid-item\" role=\"listitem\">\n\t\t\t\t\t<a class=\"elementor-icon elementor-social-icon elementor-social-icon-instagram elementor-repeater-item-f787bb6\" href=\"https:\/\/www.instagram.com\/youththeatrehelsinki\/\" target=\"_blank\" rel=\"noopener\">\n\t\t\t\t\t\t<span class=\"elementor-screen-only\">Instagram<\/span>\n\t\t\t\t\t\t<svg aria-hidden=\"true\" class=\"e-font-icon-svg e-fab-instagram\" viewbox=\"0 0 448 512\" xmlns=\"http:\/\/www.w3.org\/2000\/svg\"><path d=\"M224.1 141c-63.6 0-114.9 51.3-114.9 114.9s51.3 114.9 114.9 114.9S339 319.5 339 255.9 287.7 141 224.1 141zm0 189.6c-41.1 0-74.7-33.5-74.7-74.7s33.5-74.7 74.7-74.7 74.7 33.5 74.7 74.7-33.6 74.7-74.7 74.7zm146.4-194.3c0 14.9-12 26.8-26.8 26.8-14.9 0-26.8-12-26.8-26.8s12-26.8 26.8-26.8 26.8 12 26.8 26.8zm76.1 27.2c-1.7-35.9-9.9-67.7-36.2-93.9-26.2-26.2-58-34.4-93.9-36.2-37-2.1-147.9-2.1-184.9 0-35.8 1.7-67.6 9.9-93.9 36.1s-34.4 58-36.2 93.9c-2.1 37-2.1 147.9 0 184.9 1.7 35.9 9.9 67.7 36.2 93.9s58 34.4 93.9 36.2c37 2.1 147.9 2.1 184.9 0 35.9-1.7 67.7-9.9 93.9-36.2 26.2-26.2 34.4-58 36.2-93.9 2.1-37 2.1-147.8 0-184.8zM398.8 388c-7.8 19.6-22.9 34.7-42.6 42.6-29.5 11.7-99.5 9-132.1 9s-102.7 2.6-132.1-9c-19.6-7.8-34.7-22.9-42.6-42.6-11.7-29.5-9-99.5-9-132.1s-2.6-102.7 9-132.1c7.8-19.6 22.9-34.7 42.6-42.6 29.5-11.7 99.5-9 132.1-9s102.7-2.6 132.1 9c19.6 7.8 34.7 22.9 42.6 42.6 11.7 29.5 9 99.5 9 132.1s2.7 102.7-9 132.1z\"><\/path><\/svg>\t\t\t\t\t<\/a>\n\t\t\t\t<\/span>\n\t\t\t\t\t<\/div>\n\t\t\t\t\t\t<\/div>\n\t\t\t\t\t<\/div>\n\t\t<\/div>\n\t\t\t\t\t<\/div>\n\t\t<\/section>\n\t\t\t\t\t<\/div>\n\t\t<\/div>\n\t\t\t\t\t<\/div>\n\t\t<\/section>\n\t\t\t\t<\/div>","protected":false},"excerpt":{"rendered":"<p>Why Theatre is Great for Kids and Teens in Helsinki By Youth Theatre Helsinki\u00a0 |\u00a0 For Parents &amp; Families If [&hellip;]<\/p>\n","protected":false},"author":1,"featured_media":0,"parent":0,"menu_order":0,"comment_status":"closed","ping_status":"closed","template":"","meta":{"_uag_custom_page_level_css":"","site-sidebar-layout":"default","site-content-layout":"","ast-site-content-layout":"default","site-content-style":"default","site-sidebar-style":"default","ast-global-header-display":"","ast-banner-title-visibility":"","ast-main-header-display":"","ast-hfb-above-header-display":"","ast-hfb-below-header-display":"","ast-hfb-mobile-header-display":"","site-post-title":"","ast-breadcrumbs-content":"","ast-featured-img":"","footer-sml-layout":"","ast-disable-related-posts":"","theme-transparent-header-meta":"","adv-header-id-meta":"","stick-header-meta":"","header-above-stick-meta":"","header-main-stick-meta":"","header-below-stick-meta":"","astra-migrate-meta-layouts":"default","ast-page-background-enabled":"default","ast-page-background-meta":{"desktop":{"background-color":"var(--ast-global-color-4)","background-image":"","background-repeat":"repeat","background-position":"center center","background-size":"auto","background-attachment":"scroll","background-type":"","background-media":"","overlay-type":"","overlay-color":"","overlay-opacity":"","overlay-gradient":""},"tablet":{"background-color":"","background-image":"","background-repeat":"repeat","background-position":"center center","background-size":"auto","background-attachment":"scroll","background-type":"","background-media":"","overlay-type":"","overlay-color":"","overlay-opacity":"","overlay-gradient":""},"mobile":{"background-color":"","background-image":"","background-repeat":"repeat","background-position":"center center","background-size":"auto","background-attachment":"scroll","background-type":"","background-media":"","overlay-type":"","overlay-color":"","overlay-opacity":"","overlay-gradient":""}},"ast-content-background-meta":{"desktop":{"background-color":"var(--ast-global-color-5)","background-image":"","background-repeat":"repeat","background-position":"center center","background-size":"auto","background-attachment":"scroll","background-type":"","background-media":"","overlay-type":"","overlay-color":"","overlay-opacity":"","overlay-gradient":""},"tablet":{"background-color":"var(--ast-global-color-5)","background-image":"","background-repeat":"repeat","background-position":"center center","background-size":"auto","background-attachment":"scroll","background-type":"","background-media":"","overlay-type":"","overlay-color":"","overlay-opacity":"","overlay-gradient":""},"mobile":{"background-color":"var(--ast-global-color-5)","background-image":"","background-repeat":"repeat","background-position":"center center","background-size":"auto","background-attachment":"scroll","background-type":"","background-media":"","overlay-type":"","overlay-color":"","overlay-opacity":"","overlay-gradient":""}},"footnotes":""},"class_list":["post-550","page","type-page","status-publish","hentry"],"uagb_featured_image_src":{"full":false,"thumbnail":false,"medium":false,"medium_large":false,"large":false,"1536x1536":false,"2048x2048":false,"trp-custom-language-flag":false},"uagb_author_info":{"display_name":"admin","author_link":"https:\/\/youththeatrehelsinki.com\/fi\/author\/admin\/"},"uagb_comment_info":0,"uagb_excerpt":"Why Theatre is Great for Kids and Teens in Helsinki By Youth Theatre Helsinki\u00a0 |\u00a0 For Parents &amp; Families If [&hellip;]","_links":{"self":[{"href":"https:\/\/youththeatrehelsinki.com\/fi\/wp-json\/wp\/v2\/pages\/550","targetHints":{"allow":["GET"]}}],"collection":[{"href":"https:\/\/youththeatrehelsinki.com\/fi\/wp-json\/wp\/v2\/pages"}],"about":[{"href":"https:\/\/youththeatrehelsinki.com\/fi\/wp-json\/wp\/v2\/types\/page"}],"author":[{"embeddable":true,"href":"https:\/\/youththeatrehelsinki.com\/fi\/wp-json\/wp\/v2\/users\/1"}],"replies":[{"embeddable":true,"href":"https:\/\/youththeatrehelsinki.com\/fi\/wp-json\/wp\/v2\/comments?post=550"}],"version-history":[{"count":17,"href":"https:\/\/youththeatrehelsinki.com\/fi\/wp-json\/wp\/v2\/pages\/550\/revisions"}],"predecessor-version":[{"id":883,"href":"https:\/\/youththeatrehelsinki.com\/fi\/wp-json\/wp\/v2\/pages\/550\/revisions\/883"}],"wp:attachment":[{"href":"https:\/\/youththeatrehelsinki.com\/fi\/wp-json\/wp\/v2\/media?parent=550"}],"curies":[{"name":"wp","href":"https:\/\/api.w.org\/{rel}","templated":true}]}}