{"id":934,"date":"2026-03-06T12:42:24","date_gmt":"2026-03-06T12:42:24","guid":{"rendered":"https:\/\/youththeatrehelsinki.com\/?page_id=934"},"modified":"2026-03-06T13:44:56","modified_gmt":"2026-03-06T13:44:56","slug":"blog-1","status":"publish","type":"page","link":"https:\/\/youththeatrehelsinki.com\/fi\/why-theatre-is-great-for-kids\/blog-1\/","title":{"rendered":"Teatteriharrastus nuorille Helsingiss\u00e4"},"content":{"rendered":"<div data-elementor-type=\"wp-page\" data-elementor-id=\"934\" class=\"elementor elementor-934\">\n\t\t\t\t\t\t<section class=\"elementor-section elementor-top-section elementor-element elementor-element-l76h6fz elementor-section-content-middle elementor-section-boxed elementor-section-height-default elementor-section-height-default\" data-id=\"l76h6fz\" data-element_type=\"section\" data-e-type=\"section\" data-settings=\"{&quot;background_background&quot;:&quot;classic&quot;}\">\n\t\t\t\t\t\t\t<div class=\"elementor-background-overlay\"><\/div>\n\t\t\t\t\t\t\t<div class=\"elementor-container elementor-column-gap-no\">\n\t\t\t\t\t<div class=\"elementor-column elementor-col-100 elementor-top-column elementor-element elementor-element-ae5748a\" data-id=\"ae5748a\" data-element_type=\"column\" data-e-type=\"column\">\n\t\t\t<div class=\"elementor-widget-wrap elementor-element-populated\">\n\t\t\t\t\t\t<div class=\"elementor-element elementor-element-0d08f75 elementor-widget elementor-widget-heading\" data-id=\"0d08f75\" data-element_type=\"widget\" data-e-type=\"widget\" data-widget_type=\"heading.default\">\n\t\t\t\t\t<h2 class=\"elementor-heading-title elementor-size-default\">Teatteriharrastus nuorille Helsingiss\u00e4 \u2014 mit\u00e4 kannattaa tiet\u00e4\u00e4<\/h2>\t\t\t\t<\/div>\n\t\t\t\t<div class=\"elementor-element elementor-element-05a7b34 elementor-widget elementor-widget-image\" data-id=\"05a7b34\" data-element_type=\"widget\" data-e-type=\"widget\" data-widget_type=\"image.default\">\n\t\t\t\t\t\t\t\t\t\t\t\t\t\t\t<img fetchpriority=\"high\" decoding=\"async\" width=\"1920\" height=\"1860\" src=\"https:\/\/youththeatrehelsinki.com\/wp-content\/uploads\/2026\/03\/IMG20260126184436-scaled-e1772623916965.jpg\" class=\"attachment-full size-full wp-image-785\" alt=\"Youth Summer Acting Workshops in Helsinki Kes\u00e4 teatterileiri lapsille ja nuorille\" srcset=\"https:\/\/youththeatrehelsinki.com\/wp-content\/uploads\/2026\/03\/IMG20260126184436-scaled-e1772623916965.jpg 1920w, https:\/\/youththeatrehelsinki.com\/wp-content\/uploads\/2026\/03\/IMG20260126184436-scaled-e1772623916965-300x291.jpg 300w, https:\/\/youththeatrehelsinki.com\/wp-content\/uploads\/2026\/03\/IMG20260126184436-scaled-e1772623916965-1024x992.jpg 1024w, https:\/\/youththeatrehelsinki.com\/wp-content\/uploads\/2026\/03\/IMG20260126184436-scaled-e1772623916965-768x744.jpg 768w, https:\/\/youththeatrehelsinki.com\/wp-content\/uploads\/2026\/03\/IMG20260126184436-scaled-e1772623916965-1536x1488.jpg 1536w\" sizes=\"(max-width: 1920px) 100vw, 1920px\" \/>\t\t\t\t\t\t\t\t\t\t\t\t\t\t\t<\/div>\n\t\t\t\t<div class=\"elementor-element elementor-element-fe0145e elementor-widget elementor-widget-text-editor\" data-id=\"fe0145e\" data-element_type=\"widget\" data-e-type=\"widget\" data-widget_type=\"text-editor.default\">\n\t\t\t\t\t\t\t\t\t<p><span style=\"font-weight: 400;\">Teatteriharrastus on yksi parhaista valinnoista nuorelle. Se ei ole pelk\u00e4st\u00e4\u00e4n n\u00e4yttelemist\u00e4 \u2014 se on tapa kehitty\u00e4 ihmisen\u00e4, l\u00f6yt\u00e4\u00e4 oma \u00e4\u00e4ni ja rakentaa luottamusta itseen ja muihin.<\/span><\/p><p><span style=\"font-weight: 400;\">Youth Theatre Helsingiss\u00e4 n\u00e4emme joka viikko, kuinka nuoret kasvavat ja kehittyv\u00e4t teatterin kautta. T\u00e4ss\u00e4 artikkelissa kerromme, miksi teatteriharrastus sopii erityisen hyvin juuri nuorille.<\/span><\/p>\t\t\t\t\t\t\t\t<\/div>\n\t\t\t\t<div class=\"elementor-element elementor-element-d5f0685 elementor-align-center elementor-widget elementor-widget-button\" data-id=\"d5f0685\" data-element_type=\"widget\" data-e-type=\"widget\" data-widget_type=\"button.default\">\n\t\t\t\t\t\t\t\t\t\t<a class=\"elementor-button elementor-button-link elementor-size-sm\" href=\"https:\/\/youththeatrehelsinki.com\/fi\/acting-classes-workshops-helsinki\/\">\n\t\t\t\t\t\t<span class=\"elementor-button-content-wrapper\">\n\t\t\t\t\t\t\t\t\t<span class=\"elementor-button-text\">Teatterikurssit<\/span>\n\t\t\t\t\t<\/span>\n\t\t\t\t\t<\/a>\n\t\t\t\t\t\t\t\t<\/div>\n\t\t\t\t<div class=\"elementor-element elementor-element-370e6a2 elementor-widget elementor-widget-text-editor\" data-id=\"370e6a2\" data-element_type=\"widget\" data-e-type=\"widget\" data-widget_type=\"text-editor.default\">\n\t\t\t\t\t\t\t\t\t<h4><b>Teatteri antaa nuorelle tilan olla oma itsens\u00e4<\/b><\/h4><p><span style=\"font-weight: 400;\">Teini-ik\u00e4 on aikaa, jolloin nuori etsii omaa identiteetti\u00e4\u00e4n. Teatteri tarjoaa turvallisen ymp\u00e4rist\u00f6n kokeilla erilaisia rooleja, ilmaista tunteita ja tutustua itseens\u00e4. Harjoituksissa ei ole oikeita tai v\u00e4\u00e4ri\u00e4 vastauksia \u2014 vain mahdollisuuksia tutkia ja l\u00f6yt\u00e4\u00e4.<\/span><\/p><h4><b>Sosiaaliset taidot kehittyv\u00e4t luonnollisesti<\/b><\/h4><p><span style=\"font-weight: 400;\">Teatterissa nuoret oppivat kuuntelemaan, reagoimaan ja toimimaan yhdess\u00e4. N\u00e4m\u00e4 taidot ovat arvokkaita koko el\u00e4m\u00e4n ajan \u2014 koulussa, ty\u00f6el\u00e4m\u00e4ss\u00e4 ja ihmissuhteissa. Yhteinen harjoittelu rakentaa aitoja yst\u00e4vyyssuhteita ja luottamusta muihin.<\/span><\/p><h4><b>Esiintymisvarmuus kasvaa<\/b><\/h4><p><span style=\"font-weight: 400;\">Monet nuoret j\u00e4nnitt\u00e4v\u00e4t puhumista muiden edess\u00e4. Teatteri auttaa voittamaan t\u00e4m\u00e4n pelon asteittain, turvallisessa ja kannustavassa ymp\u00e4rist\u00f6ss\u00e4. Ajan my\u00f6t\u00e4 esiintymisvarmuus siirtyy lavalta my\u00f6s arkiel\u00e4m\u00e4\u00e4n.<\/span><\/p><h4><b>Luovuus kukoistaa<\/b><\/h4><p><span style=\"font-weight: 400;\">Teatterissa nuoret p\u00e4\u00e4sev\u00e4t k\u00e4ytt\u00e4m\u00e4\u00e4n mielikuvitustaan, kehitt\u00e4m\u00e4\u00e4n hahmoja ja kertomaan tarinoita. Luova ajattelu on taito, jota tarvitaan kaikilla el\u00e4m\u00e4nalueilla \u2014 ja teatteri on yksi parhaista tavoista kehitt\u00e4\u00e4 sit\u00e4.<\/span><\/p><p><span style=\"font-weight: 400;\">Youth Theatre Helsingiss\u00e4 tarjoamme teatterikursseja nuorille ymp\u00e4ri vuoden. Kurssimme sopivat sek\u00e4 aloittelijoille ett\u00e4 kokeneemmille nuorille n\u00e4yttelij\u00f6ille. Kaikki toiminta tapahtuu englanniksi suomen ja ruotsin kielen tuella.<\/span><\/p><p><a href=\"https:\/\/youththeatrehelsinki.com\/fi\/contact-youth-theatre-helsinki\/\"><b>Haluatko tiet\u00e4\u00e4 lis\u00e4\u00e4? Ota yhteytt\u00e4 ja kerromme mielell\u00e4mme lis\u00e4\u00e4!<\/b><\/a><\/p>\t\t\t\t\t\t\t\t<\/div>\n\t\t\t\t\t<\/div>\n\t\t<\/div>\n\t\t\t\t\t<\/div>\n\t\t<\/section>\n\t\t\t\t<\/div>","protected":false},"excerpt":{"rendered":"<p>Teatteriharrastus nuorille Helsingiss\u00e4 \u2014 mit\u00e4 kannattaa tiet\u00e4\u00e4 Teatteriharrastus on yksi parhaista valinnoista nuorelle. Se ei ole pelk\u00e4st\u00e4\u00e4n n\u00e4yttelemist\u00e4 \u2014 se [&hellip;]<\/p>\n","protected":false},"author":1,"featured_media":0,"parent":550,"menu_order":0,"comment_status":"closed","ping_status":"closed","template":"","meta":{"_uag_custom_page_level_css":"","site-sidebar-layout":"no-sidebar","site-content-layout":"","ast-site-content-layout":"full-width-container","site-content-style":"default","site-sidebar-style":"default","ast-global-header-display":"","ast-banner-title-visibility":"","ast-main-header-display":"","ast-hfb-above-header-display":"","ast-hfb-below-header-display":"","ast-hfb-mobile-header-display":"","site-post-title":"","ast-breadcrumbs-content":"","ast-featured-img":"disabled","footer-sml-layout":"","ast-disable-related-posts":"","theme-transparent-header-meta":"","adv-header-id-meta":"","stick-header-meta":"","header-above-stick-meta":"","header-main-stick-meta":"","header-below-stick-meta":"","astra-migrate-meta-layouts":"default","ast-page-background-enabled":"default","ast-page-background-meta":{"desktop":{"background-color":"var(--ast-global-color-4)","background-image":"","background-repeat":"repeat","background-position":"center center","background-size":"auto","background-attachment":"scroll","background-type":"","background-media":"","overlay-type":"","overlay-color":"","overlay-opacity":"","overlay-gradient":""},"tablet":{"background-color":"","background-image":"","background-repeat":"repeat","background-position":"center center","background-size":"auto","background-attachment":"scroll","background-type":"","background-media":"","overlay-type":"","overlay-color":"","overlay-opacity":"","overlay-gradient":""},"mobile":{"background-color":"","background-image":"","background-repeat":"repeat","background-position":"center center","background-size":"auto","background-attachment":"scroll","background-type":"","background-media":"","overlay-type":"","overlay-color":"","overlay-opacity":"","overlay-gradient":""}},"ast-content-background-meta":{"desktop":{"background-color":"var(--ast-global-color-5)","background-image":"","background-repeat":"repeat","background-position":"center center","background-size":"auto","background-attachment":"scroll","background-type":"","background-media":"","overlay-type":"","overlay-color":"","overlay-opacity":"","overlay-gradient":""},"tablet":{"background-color":"var(--ast-global-color-5)","background-image":"","background-repeat":"repeat","background-position":"center center","background-size":"auto","background-attachment":"scroll","background-type":"","background-media":"","overlay-type":"","overlay-color":"","overlay-opacity":"","overlay-gradient":""},"mobile":{"background-color":"var(--ast-global-color-5)","background-image":"","background-repeat":"repeat","background-position":"center center","background-size":"auto","background-attachment":"scroll","background-type":"","background-media":"","overlay-type":"","overlay-color":"","overlay-opacity":"","overlay-gradient":""}},"footnotes":""},"class_list":["post-934","page","type-page","status-publish","hentry"],"uagb_featured_image_src":{"full":false,"thumbnail":false,"medium":false,"medium_large":false,"large":false,"1536x1536":false,"2048x2048":false,"trp-custom-language-flag":false},"uagb_author_info":{"display_name":"admin","author_link":"https:\/\/youththeatrehelsinki.com\/fi\/author\/admin\/"},"uagb_comment_info":0,"uagb_excerpt":"Teatteriharrastus nuorille Helsingiss\u00e4 \u2014 mit\u00e4 kannattaa tiet\u00e4\u00e4 Teatteriharrastus on yksi parhaista valinnoista nuorelle. Se ei ole pelk\u00e4st\u00e4\u00e4n n\u00e4yttelemist\u00e4 \u2014 se [&hellip;]","_links":{"self":[{"href":"https:\/\/youththeatrehelsinki.com\/fi\/wp-json\/wp\/v2\/pages\/934","targetHints":{"allow":["GET"]}}],"collection":[{"href":"https:\/\/youththeatrehelsinki.com\/fi\/wp-json\/wp\/v2\/pages"}],"about":[{"href":"https:\/\/youththeatrehelsinki.com\/fi\/wp-json\/wp\/v2\/types\/page"}],"author":[{"embeddable":true,"href":"https:\/\/youththeatrehelsinki.com\/fi\/wp-json\/wp\/v2\/users\/1"}],"replies":[{"embeddable":true,"href":"https:\/\/youththeatrehelsinki.com\/fi\/wp-json\/wp\/v2\/comments?post=934"}],"version-history":[{"count":11,"href":"https:\/\/youththeatrehelsinki.com\/fi\/wp-json\/wp\/v2\/pages\/934\/revisions"}],"predecessor-version":[{"id":1008,"href":"https:\/\/youththeatrehelsinki.com\/fi\/wp-json\/wp\/v2\/pages\/934\/revisions\/1008"}],"up":[{"embeddable":true,"href":"https:\/\/youththeatrehelsinki.com\/fi\/wp-json\/wp\/v2\/pages\/550"}],"wp:attachment":[{"href":"https:\/\/youththeatrehelsinki.com\/fi\/wp-json\/wp\/v2\/media?parent=934"}],"curies":[{"name":"wp","href":"https:\/\/api.w.org\/{rel}","templated":true}]}}